{"id":23,"date":"2025-06-17T14:58:25","date_gmt":"2025-06-17T17:58:25","guid":{"rendered":"https:\/\/an1-homologacao.com.br\/stemmer_rodrigues\/?page_id=23"},"modified":"2026-01-27T14:41:24","modified_gmt":"2026-01-27T17:41:24","slug":"inicio","status":"publish","type":"page","link":"https:\/\/stemmerrodrigues.com.br\/en\/","title":{"rendered":"In\u00edcio"},"content":{"rendered":"<div data-elementor-type=\"wp-page\" data-elementor-id=\"23\" class=\"elementor elementor-23\" data-elementor-post-type=\"page\">\n\t\t\t\t<div class=\"elementor-element elementor-element-0400476 e-grid e-con-full e-con e-parent\" data-id=\"0400476\" data-element_type=\"container\" data-e-type=\"container\" data-settings=\"{&quot;jet_parallax_layout_list&quot;:[]}\">\n\t\t<div class=\"elementor-element elementor-element-0dd2929 e-con-full animated-slow e-flex elementor-invisible e-con e-child\" data-id=\"0dd2929\" data-element_type=\"container\" data-e-type=\"container\" data-settings=\"{&quot;jet_parallax_layout_list&quot;:[],&quot;animation&quot;:&quot;fadeIn&quot;,&quot;animation_delay&quot;:100}\">\n\t\t\t\t<\/div>\n\t\t<div class=\"elementor-element elementor-element-c157875 e-con-full animated-slow e-flex elementor-invisible e-con e-child\" data-id=\"c157875\" data-element_type=\"container\" data-e-type=\"container\" data-settings=\"{&quot;jet_parallax_layout_list&quot;:[],&quot;animation&quot;:&quot;fadeIn&quot;,&quot;animation_delay&quot;:100}\">\n\t\t\t\t<\/div>\n\t\t<div class=\"elementor-element elementor-element-b7d75be e-con-full animated-slow e-flex elementor-invisible e-con e-child\" data-id=\"b7d75be\" data-element_type=\"container\" data-e-type=\"container\" data-settings=\"{&quot;jet_parallax_layout_list&quot;:[],&quot;animation&quot;:&quot;fadeIn&quot;,&quot;animation_delay&quot;:100}\">\n\t\t\t\t<\/div>\n\t\t<div class=\"elementor-element elementor-element-d816e2f e-con-full animated-slow e-flex elementor-invisible e-con e-child\" data-id=\"d816e2f\" data-element_type=\"container\" data-e-type=\"container\" data-settings=\"{&quot;jet_parallax_layout_list&quot;:[],&quot;animation&quot;:&quot;fadeIn&quot;,&quot;animation_delay&quot;:100}\">\n\t\t\t\t<\/div>\n\t\t\t\t<\/div>\n\t\t<div class=\"elementor-element elementor-element-58feb38 animated-slow e-flex e-con-boxed elementor-invisible e-con e-parent\" data-id=\"58feb38\" data-element_type=\"container\" data-e-type=\"container\" data-settings=\"{&quot;position&quot;:&quot;absolute&quot;,&quot;jet_parallax_layout_list&quot;:[],&quot;animation&quot;:&quot;fadeIn&quot;,&quot;animation_delay&quot;:250}\">\n\t\t\t\t\t<div class=\"e-con-inner\">\n\t\t\t\t<div class=\"elementor-element elementor-element-54207e5 elementor-align-center elementor-widget elementor-widget-button\" data-id=\"54207e5\" data-element_type=\"widget\" data-e-type=\"widget\" data-widget_type=\"button.default\">\n\t\t\t\t<div class=\"elementor-widget-container\">\n\t\t\t\t\t\t\t\t\t<div class=\"elementor-button-wrapper\">\n\t\t\t\t\t<a class=\"elementor-button elementor-button-link elementor-size-sm\" href=\"https:\/\/stemmerrodrigues.com.br\/en\/projetos\/arquitetura\/\">\n\t\t\t\t\t\t<span class=\"elementor-button-content-wrapper\">\n\t\t\t\t\t\t\t\t\t<span class=\"elementor-button-text\">Architecture<\/span>\n\t\t\t\t\t<\/span>\n\t\t\t\t\t<\/a>\n\t\t\t\t<\/div>\n\t\t\t\t\t\t\t\t<\/div>\n\t\t\t\t<\/div>\n\t\t\t\t<div class=\"elementor-element elementor-element-92902f8 elementor-align-center elementor-widget elementor-widget-button\" data-id=\"92902f8\" data-element_type=\"widget\" data-e-type=\"widget\" data-widget_type=\"button.default\">\n\t\t\t\t<div class=\"elementor-widget-container\">\n\t\t\t\t\t\t\t\t\t<div class=\"elementor-button-wrapper\">\n\t\t\t\t\t<a class=\"elementor-button elementor-button-link elementor-size-sm\" href=\"https:\/\/stemmerrodrigues.com.br\/en\/projetos\/incorporacao\/\">\n\t\t\t\t\t\t<span class=\"elementor-button-content-wrapper\">\n\t\t\t\t\t\t\t\t\t<span class=\"elementor-button-text\">Incorporation<\/span>\n\t\t\t\t\t<\/span>\n\t\t\t\t\t<\/a>\n\t\t\t\t<\/div>\n\t\t\t\t\t\t\t\t<\/div>\n\t\t\t\t<\/div>\n\t\t\t\t\t<\/div>\n\t\t\t\t<\/div>\n\t\t\t\t<\/div>","protected":false},"excerpt":{"rendered":"<p>Arquitetura Incorpora\u00e7\u00e3o<\/p>","protected":false},"author":1,"featured_media":787,"parent":0,"menu_order":0,"comment_status":"closed","ping_status":"closed","template":"","meta":{"footnotes":""},"class_list":["post-23","page","type-page","status-publish","has-post-thumbnail","hentry"],"yoast_head":"<!-- This site is optimized with the Yoast SEO plugin v27.2 - https:\/\/yoast.com\/product\/yoast-seo-wordpress\/ -->\n<title>Escrit\u00f3rio de Arquitetura e Incorpora\u00e7\u00e3o Imobili\u00e1ria | Stemmer Rodrigues<\/title>\n<meta name=\"description\" content=\"A Stemmer Rodrigues une criatividade, t\u00e9cnica e vis\u00e3o de futuro para entregar projetos \u00fanicos. Arquitetura de alto padr\u00e3o.\" \/>\n<meta name=\"robots\" content=\"index, follow, max-snippet:-1, max-image-preview:large, max-video-preview:-1\" \/>\n<link rel=\"canonical\" href=\"https:\/\/stemmerrodrigues.com.br\/en\/\" \/>\n<meta property=\"og:locale\" content=\"en_US\" \/>\n<meta property=\"og:type\" content=\"article\" \/>\n<meta property=\"og:title\" content=\"Escrit\u00f3rio de Arquitetura e Incorpora\u00e7\u00e3o Imobili\u00e1ria | Stemmer Rodrigues\" \/>\n<meta property=\"og:description\" content=\"A Stemmer Rodrigues une criatividade, t\u00e9cnica e vis\u00e3o de futuro para entregar projetos \u00fanicos. Arquitetura de alto padr\u00e3o.\" \/>\n<meta property=\"og:url\" content=\"https:\/\/stemmerrodrigues.com.br\/en\/\" \/>\n<meta property=\"og:site_name\" content=\"Stemmer Rodrigues\" \/>\n<meta property=\"article:modified_time\" content=\"2026-01-27T17:41:24+00:00\" \/>\n<meta property=\"og:image\" content=\"http:\/\/stemmerrodrigues.com.br\/wp-content\/uploads\/2025\/08\/Untitled-1-1.png\" \/>\n\t<meta property=\"og:image:width\" content=\"30\" \/>\n\t<meta property=\"og:image:height\" content=\"33\" \/>\n\t<meta property=\"og:image:type\" content=\"image\/png\" \/>\n<meta name=\"twitter:card\" content=\"summary_large_image\" \/>\n<meta name=\"twitter:label1\" content=\"Est. reading time\" \/>\n\t<meta name=\"twitter:data1\" content=\"1 minute\" \/>\n<script type=\"application\/ld+json\" class=\"yoast-schema-graph\">{\"@context\":\"https:\/\/schema.org\",\"@graph\":[{\"@type\":\"WebPage\",\"@id\":\"https:\/\/stemmerrodrigues.com.br\/\",\"url\":\"https:\/\/stemmerrodrigues.com.br\/\",\"name\":\"Escrit\u00f3rio de Arquitetura e Incorpora\u00e7\u00e3o Imobili\u00e1ria | Stemmer Rodrigues\",\"isPartOf\":{\"@id\":\"https:\/\/stemmerrodrigues.com.br\/#website\"},\"primaryImageOfPage\":{\"@id\":\"https:\/\/stemmerrodrigues.com.br\/#primaryimage\"},\"image\":{\"@id\":\"https:\/\/stemmerrodrigues.com.br\/#primaryimage\"},\"thumbnailUrl\":\"https:\/\/stemmerrodrigues.com.br\/wp-content\/uploads\/2025\/08\/Untitled-1-1.png\",\"datePublished\":\"2025-06-17T17:58:25+00:00\",\"dateModified\":\"2026-01-27T17:41:24+00:00\",\"description\":\"A Stemmer Rodrigues une criatividade, t\u00e9cnica e vis\u00e3o de futuro para entregar projetos \u00fanicos. Arquitetura de alto padr\u00e3o.\",\"breadcrumb\":{\"@id\":\"https:\/\/stemmerrodrigues.com.br\/#breadcrumb\"},\"inLanguage\":\"en-US\",\"potentialAction\":[{\"@type\":\"ReadAction\",\"target\":[\"https:\/\/stemmerrodrigues.com.br\/\"]}]},{\"@type\":\"ImageObject\",\"inLanguage\":\"en-US\",\"@id\":\"https:\/\/stemmerrodrigues.com.br\/#primaryimage\",\"url\":\"https:\/\/stemmerrodrigues.com.br\/wp-content\/uploads\/2025\/08\/Untitled-1-1.png\",\"contentUrl\":\"https:\/\/stemmerrodrigues.com.br\/wp-content\/uploads\/2025\/08\/Untitled-1-1.png\",\"width\":30,\"height\":33,\"caption\":\"Stemmer Rodrigues, refer\u00eancia em arquitetura e incorpora\u00e7\u00e3o imobili\u00e1ria.\"},{\"@type\":\"BreadcrumbList\",\"@id\":\"https:\/\/stemmerrodrigues.com.br\/#breadcrumb\",\"itemListElement\":[{\"@type\":\"ListItem\",\"position\":1,\"name\":\"In\u00edcio\",\"item\":\"https:\/\/stemmerrodrigues.com.br\/\"},{\"@type\":\"ListItem\",\"position\":2,\"name\":\"In\u00edcio\"}]},{\"@type\":\"WebSite\",\"@id\":\"https:\/\/stemmerrodrigues.com.br\/#website\",\"url\":\"https:\/\/stemmerrodrigues.com.br\/\",\"name\":\"Stemmer Rodrigues\",\"description\":\"\",\"publisher\":{\"@id\":\"https:\/\/stemmerrodrigues.com.br\/#organization\"},\"potentialAction\":[{\"@type\":\"SearchAction\",\"target\":{\"@type\":\"EntryPoint\",\"urlTemplate\":\"https:\/\/stemmerrodrigues.com.br\/?s={search_term_string}\"},\"query-input\":{\"@type\":\"PropertyValueSpecification\",\"valueRequired\":true,\"valueName\":\"search_term_string\"}}],\"inLanguage\":\"en-US\"},{\"@type\":\"Organization\",\"@id\":\"https:\/\/stemmerrodrigues.com.br\/#organization\",\"name\":\"Stemmer Rodrigues\",\"url\":\"https:\/\/stemmerrodrigues.com.br\/\",\"logo\":{\"@type\":\"ImageObject\",\"inLanguage\":\"en-US\",\"@id\":\"https:\/\/stemmerrodrigues.com.br\/#\/schema\/logo\/image\/\",\"url\":\"https:\/\/stemmerrodrigues.com.br\/wp-content\/uploads\/2025\/06\/STEMMER-RODRIGUES.png\",\"contentUrl\":\"https:\/\/stemmerrodrigues.com.br\/wp-content\/uploads\/2025\/06\/STEMMER-RODRIGUES.png\",\"width\":483,\"height\":127,\"caption\":\"Stemmer Rodrigues\"},\"image\":{\"@id\":\"https:\/\/stemmerrodrigues.com.br\/#\/schema\/logo\/image\/\"}}]}<\/script>\n<!-- \/ Yoast SEO plugin. -->","yoast_head_json":{"title":"Escrit\u00f3rio de Arquitetura e Incorpora\u00e7\u00e3o Imobili\u00e1ria | Stemmer Rodrigues","description":"A Stemmer Rodrigues une criatividade, t\u00e9cnica e vis\u00e3o de futuro para entregar projetos \u00fanicos. Arquitetura de alto padr\u00e3o.","robots":{"index":"index","follow":"follow","max-snippet":"max-snippet:-1","max-image-preview":"max-image-preview:large","max-video-preview":"max-video-preview:-1"},"canonical":"https:\/\/stemmerrodrigues.com.br\/en\/","og_locale":"en_US","og_type":"article","og_title":"Escrit\u00f3rio de Arquitetura e Incorpora\u00e7\u00e3o Imobili\u00e1ria | Stemmer Rodrigues","og_description":"A Stemmer Rodrigues une criatividade, t\u00e9cnica e vis\u00e3o de futuro para entregar projetos \u00fanicos. Arquitetura de alto padr\u00e3o.","og_url":"https:\/\/stemmerrodrigues.com.br\/en\/","og_site_name":"Stemmer Rodrigues","article_modified_time":"2026-01-27T17:41:24+00:00","og_image":[{"width":30,"height":33,"url":"http:\/\/stemmerrodrigues.com.br\/wp-content\/uploads\/2025\/08\/Untitled-1-1.png","type":"image\/png"}],"twitter_card":"summary_large_image","twitter_misc":{"Est. reading time":"1 minute"},"schema":{"@context":"https:\/\/schema.org","@graph":[{"@type":"WebPage","@id":"https:\/\/stemmerrodrigues.com.br\/","url":"https:\/\/stemmerrodrigues.com.br\/","name":"Escrit\u00f3rio de Arquitetura e Incorpora\u00e7\u00e3o Imobili\u00e1ria | Stemmer Rodrigues","isPartOf":{"@id":"https:\/\/stemmerrodrigues.com.br\/#website"},"primaryImageOfPage":{"@id":"https:\/\/stemmerrodrigues.com.br\/#primaryimage"},"image":{"@id":"https:\/\/stemmerrodrigues.com.br\/#primaryimage"},"thumbnailUrl":"https:\/\/stemmerrodrigues.com.br\/wp-content\/uploads\/2025\/08\/Untitled-1-1.png","datePublished":"2025-06-17T17:58:25+00:00","dateModified":"2026-01-27T17:41:24+00:00","description":"A Stemmer Rodrigues une criatividade, t\u00e9cnica e vis\u00e3o de futuro para entregar projetos \u00fanicos. Arquitetura de alto padr\u00e3o.","breadcrumb":{"@id":"https:\/\/stemmerrodrigues.com.br\/#breadcrumb"},"inLanguage":"en-US","potentialAction":[{"@type":"ReadAction","target":["https:\/\/stemmerrodrigues.com.br\/"]}]},{"@type":"ImageObject","inLanguage":"en-US","@id":"https:\/\/stemmerrodrigues.com.br\/#primaryimage","url":"https:\/\/stemmerrodrigues.com.br\/wp-content\/uploads\/2025\/08\/Untitled-1-1.png","contentUrl":"https:\/\/stemmerrodrigues.com.br\/wp-content\/uploads\/2025\/08\/Untitled-1-1.png","width":30,"height":33,"caption":"Stemmer Rodrigues, refer\u00eancia em arquitetura e incorpora\u00e7\u00e3o imobili\u00e1ria."},{"@type":"BreadcrumbList","@id":"https:\/\/stemmerrodrigues.com.br\/#breadcrumb","itemListElement":[{"@type":"ListItem","position":1,"name":"In\u00edcio","item":"https:\/\/stemmerrodrigues.com.br\/"},{"@type":"ListItem","position":2,"name":"In\u00edcio"}]},{"@type":"WebSite","@id":"https:\/\/stemmerrodrigues.com.br\/#website","url":"https:\/\/stemmerrodrigues.com.br\/","name":"Stemmer Rodrigues","description":"","publisher":{"@id":"https:\/\/stemmerrodrigues.com.br\/#organization"},"potentialAction":[{"@type":"SearchAction","target":{"@type":"EntryPoint","urlTemplate":"https:\/\/stemmerrodrigues.com.br\/?s={search_term_string}"},"query-input":{"@type":"PropertyValueSpecification","valueRequired":true,"valueName":"search_term_string"}}],"inLanguage":"en-US"},{"@type":"Organization","@id":"https:\/\/stemmerrodrigues.com.br\/#organization","name":"Stemmer Rodrigues","url":"https:\/\/stemmerrodrigues.com.br\/","logo":{"@type":"ImageObject","inLanguage":"en-US","@id":"https:\/\/stemmerrodrigues.com.br\/#\/schema\/logo\/image\/","url":"https:\/\/stemmerrodrigues.com.br\/wp-content\/uploads\/2025\/06\/STEMMER-RODRIGUES.png","contentUrl":"https:\/\/stemmerrodrigues.com.br\/wp-content\/uploads\/2025\/06\/STEMMER-RODRIGUES.png","width":483,"height":127,"caption":"Stemmer Rodrigues"},"image":{"@id":"https:\/\/stemmerrodrigues.com.br\/#\/schema\/logo\/image\/"}}]}},"_links":{"self":[{"href":"https:\/\/stemmerrodrigues.com.br\/en\/wp-json\/wp\/v2\/pages\/23","targetHints":{"allow":["GET"]}}],"collection":[{"href":"https:\/\/stemmerrodrigues.com.br\/en\/wp-json\/wp\/v2\/pages"}],"about":[{"href":"https:\/\/stemmerrodrigues.com.br\/en\/wp-json\/wp\/v2\/types\/page"}],"author":[{"embeddable":true,"href":"https:\/\/stemmerrodrigues.com.br\/en\/wp-json\/wp\/v2\/users\/1"}],"replies":[{"embeddable":true,"href":"https:\/\/stemmerrodrigues.com.br\/en\/wp-json\/wp\/v2\/comments?post=23"}],"version-history":[{"count":174,"href":"https:\/\/stemmerrodrigues.com.br\/en\/wp-json\/wp\/v2\/pages\/23\/revisions"}],"predecessor-version":[{"id":2897,"href":"https:\/\/stemmerrodrigues.com.br\/en\/wp-json\/wp\/v2\/pages\/23\/revisions\/2897"}],"wp:featuredmedia":[{"embeddable":true,"href":"https:\/\/stemmerrodrigues.com.br\/en\/wp-json\/wp\/v2\/media\/787"}],"wp:attachment":[{"href":"https:\/\/stemmerrodrigues.com.br\/en\/wp-json\/wp\/v2\/media?parent=23"}],"curies":[{"name":"wp","href":"https:\/\/api.w.org\/{rel}","templated":true}]}}