{"id":45,"date":"2025-06-17T16:48:44","date_gmt":"2025-06-17T19:48:44","guid":{"rendered":"https:\/\/an1-homologacao.com.br\/stemmer_rodrigues\/?page_id=45"},"modified":"2026-01-27T11:19:25","modified_gmt":"2026-01-27T14:19:25","slug":"contato","status":"publish","type":"page","link":"https:\/\/stemmerrodrigues.com.br\/en\/contato\/","title":{"rendered":"Contact"},"content":{"rendered":"\t\t<div data-elementor-type=\"wp-page\" data-elementor-id=\"45\" class=\"elementor elementor-45\" data-elementor-post-type=\"page\">\n\t\t\t\t<div class=\"elementor-element elementor-element-50ba60d e-con-full elementor-hidden-mobile e-flex e-con e-parent\" data-id=\"50ba60d\" data-element_type=\"container\" data-e-type=\"container\" data-settings=\"{&quot;jet_parallax_layout_list&quot;:[],&quot;background_background&quot;:&quot;classic&quot;}\">\n\t\t<div class=\"elementor-element elementor-element-bae2747 e-con-full e-flex e-con e-child\" data-id=\"bae2747\" data-element_type=\"container\" data-e-type=\"container\" data-settings=\"{&quot;jet_parallax_layout_list&quot;:[]}\">\n\t\t<div class=\"elementor-element elementor-element-f607b2b e-con-full e-flex e-con e-child\" data-id=\"f607b2b\" data-element_type=\"container\" data-e-type=\"container\" data-settings=\"{&quot;jet_parallax_layout_list&quot;:[]}\">\n\t\t<div class=\"elementor-element elementor-element-946e18b e-con-full e-flex e-con e-child\" data-id=\"946e18b\" data-element_type=\"container\" data-e-type=\"container\" data-settings=\"{&quot;background_background&quot;:&quot;classic&quot;,&quot;jet_parallax_layout_list&quot;:[]}\">\n\t\t<div class=\"elementor-element elementor-element-f3984b1 e-con-full e-flex e-con e-child\" data-id=\"f3984b1\" data-element_type=\"container\" data-e-type=\"container\" data-settings=\"{&quot;jet_parallax_layout_list&quot;:[]}\">\n\t\t\t\t<div class=\"elementor-element elementor-element-f14640d elementor-widget elementor-widget-heading\" data-id=\"f14640d\" data-element_type=\"widget\" data-e-type=\"widget\" data-widget_type=\"heading.default\">\n\t\t\t\t<div class=\"elementor-widget-container\">\n\t\t\t\t\t<h2 class=\"elementor-heading-title elementor-size-default\">Contato.\u00a0<\/h2>\t\t\t\t<\/div>\n\t\t\t\t<\/div>\n\t\t\t\t<div class=\"elementor-element elementor-element-9feeedf elementor-widget elementor-widget-heading\" data-id=\"9feeedf\" data-element_type=\"widget\" data-e-type=\"widget\" data-widget_type=\"heading.default\">\n\t\t\t\t<div class=\"elementor-widget-container\">\n\t\t\t\t\t<h2 class=\"elementor-heading-title elementor-size-default\">Quer conhecer mais sobre nossos projetos? Entre em  contato com a gente.<\/h2>\t\t\t\t<\/div>\n\t\t\t\t<\/div>\n\t\t\t\t<div class=\"elementor-element elementor-element-faee98f elementor-button-align-start elementor-widget elementor-widget-form\" data-id=\"faee98f\" data-element_type=\"widget\" data-e-type=\"widget\" data-settings=\"{&quot;step_next_label&quot;:&quot;Pr\\u00f3ximo&quot;,&quot;step_previous_label&quot;:&quot;Anterior&quot;,&quot;button_width&quot;:&quot;100&quot;,&quot;step_type&quot;:&quot;number_text&quot;,&quot;step_icon_shape&quot;:&quot;circle&quot;}\" data-widget_type=\"form.default\">\n\t\t\t\t<div class=\"elementor-widget-container\">\n\t\t\t\t\t\t\t<form class=\"elementor-form\" method=\"post\" name=\"Novo formul\u00e1rio\" aria-label=\"Novo formul\u00e1rio\">\n\t\t\t<input type=\"hidden\" name=\"post_id\" value=\"45\"\/>\n\t\t\t<input type=\"hidden\" name=\"form_id\" value=\"faee98f\"\/>\n\t\t\t<input type=\"hidden\" name=\"referer_title\" value=\"Fale Conosco | Stemmer Rodrigues\" \/>\n\n\t\t\t\t\t\t\t<input type=\"hidden\" name=\"queried_id\" value=\"45\"\/>\n\t\t\t\n\t\t\t<div class=\"elementor-form-fields-wrapper elementor-labels-above\">\n\t\t\t\t\t\t\t\t<div class=\"elementor-field-type-text elementor-field-group elementor-column elementor-field-group-name elementor-col-100\">\n\t\t\t\t\t\t\t\t\t\t\t\t\t<input size=\"1\" type=\"text\" name=\"form_fields[name]\" id=\"form-field-name\" class=\"elementor-field elementor-size-sm  elementor-field-textual\" placeholder=\"Nome\">\n\t\t\t\t\t\t\t\t\t\t\t<\/div>\n\t\t\t\t\t\t\t\t<div class=\"elementor-field-type-tel elementor-field-group elementor-column elementor-field-group-field_383c3ee elementor-col-100\">\n\t\t\t\t\t\t\t<input size=\"1\" type=\"tel\" name=\"form_fields[field_383c3ee]\" id=\"form-field-field_383c3ee\" class=\"elementor-field elementor-size-sm  elementor-field-textual\" placeholder=\"Telefone\" pattern=\"[0-9()#&amp;+*-=.]+\" title=\"Apenas n\u00fameros e caracteres de telefone (#, -, *, etc.) s\u00e3o aceitos.\">\n\n\t\t\t\t\t\t<\/div>\n\t\t\t\t\t\t\t\t<div class=\"elementor-field-type-email elementor-field-group elementor-column elementor-field-group-email elementor-col-100 elementor-field-required\">\n\t\t\t\t\t\t\t\t\t\t\t\t\t<input size=\"1\" type=\"email\" name=\"form_fields[email]\" id=\"form-field-email\" class=\"elementor-field elementor-size-sm  elementor-field-textual\" placeholder=\"E-mail\" required=\"required\">\n\t\t\t\t\t\t\t\t\t\t\t<\/div>\n\t\t\t\t\t\t\t\t<div class=\"elementor-field-type-textarea elementor-field-group elementor-column elementor-field-group-message elementor-col-100\">\n\t\t\t\t\t<textarea class=\"elementor-field-textual elementor-field  elementor-size-sm\" name=\"form_fields[message]\" id=\"form-field-message\" rows=\"4\" placeholder=\"Mensagem\"><\/textarea>\t\t\t\t<\/div>\n\t\t\t\t\t\t\t\t<div class=\"elementor-field-group elementor-column elementor-field-type-submit elementor-col-100 e-form__buttons\">\n\t\t\t\t\t<button class=\"elementor-button elementor-size-sm\" type=\"submit\">\n\t\t\t\t\t\t<span class=\"elementor-button-content-wrapper\">\n\t\t\t\t\t\t\t\t\t\t\t\t\t\t\t\t\t\t\t\t\t\t<span class=\"elementor-button-text\">Enviar<\/span>\n\t\t\t\t\t\t\t\t\t\t\t\t\t<\/span>\n\t\t\t\t\t<\/button>\n\t\t\t\t<\/div>\n\t\t\t<\/div>\n\t\t<\/form>\n\t\t\t\t\t\t<\/div>\n\t\t\t\t<\/div>\n\t\t\t\t<\/div>\n\t\t\t\t<\/div>\n\t\t\t\t<\/div>\n\t\t\t\t<\/div>\n\t\t<div class=\"elementor-element elementor-element-765f84e e-con-full e-flex e-con e-child\" data-id=\"765f84e\" data-element_type=\"container\" data-e-type=\"container\" data-settings=\"{&quot;jet_parallax_layout_list&quot;:[]}\">\n\t\t\t\t<div class=\"elementor-element elementor-element-c4e5ed2 elementor-widget__width-initial elementor-hidden-tablet elementor-hidden-mobile elementor-view-default elementor-widget elementor-widget-icon\" data-id=\"c4e5ed2\" data-element_type=\"widget\" data-e-type=\"widget\" data-widget_type=\"icon.default\">\n\t\t\t\t<div class=\"elementor-widget-container\">\n\t\t\t\t\t\t\t<div class=\"elementor-icon-wrapper\">\n\t\t\t<a class=\"elementor-icon\" href=\"https:\/\/stemmerrodrigues.com.br\/\">\n\t\t\t<svg xmlns=\"http:\/\/www.w3.org\/2000\/svg\" width=\"20\" height=\"11\" viewBox=\"0 0 20 11\" fill=\"none\"><path d=\"M1 10L10 1L19 10\" stroke=\"#D9D859\" stroke-width=\"1.5\" stroke-linecap=\"round\" stroke-linejoin=\"round\"><\/path><\/svg>\t\t\t<\/a>\n\t\t<\/div>\n\t\t\t\t\t\t<\/div>\n\t\t\t\t<\/div>\n\t\t\t\t<div class=\"elementor-element elementor-element-4713114 elementor-widget__width-initial elementor-widget elementor-widget-google_maps\" data-id=\"4713114\" data-element_type=\"widget\" data-e-type=\"widget\" data-widget_type=\"google_maps.default\">\n\t\t\t\t<div class=\"elementor-widget-container\">\n\t\t\t\t\t\t\t<div class=\"elementor-custom-embed\">\n\t\t\t<iframe loading=\"lazy\"\n\t\t\t\t\tsrc=\"https:\/\/maps.google.com\/maps?q=Jo%C3%A3o%20Berutti%20505%20-%20Porto%20Alegre&#038;t=m&#038;z=16&#038;output=embed&#038;iwloc=near\"\n\t\t\t\t\ttitle=\"Jo\u00e3o Berutti 505 - Porto Alegre\"\n\t\t\t\t\taria-label=\"Jo\u00e3o Berutti 505 - Porto Alegre\"\n\t\t\t><\/iframe>\n\t\t<\/div>\n\t\t\t\t\t\t<\/div>\n\t\t\t\t<\/div>\n\t\t\t\t<div class=\"elementor-element elementor-element-d0bc015 elementor-widget__width-initial elementor-widget elementor-widget-text-editor\" data-id=\"d0bc015\" data-element_type=\"widget\" data-e-type=\"widget\" data-widget_type=\"text-editor.default\">\n\t\t\t\t<div class=\"elementor-widget-container\">\n\t\t\t\t\t\t\t\t\t<p><strong>BRASIL<\/strong><br \/>Jo\u00e3o Berutti 505 &#8211; Porto Alegre<br \/>51 3334 3818 | 51 996 088 483<\/p><p><strong>ESPANHA<\/strong><br \/>Carrer de la Riera de Sant Miquel, 1 BIS<br \/>Barcelona +34 685 70 22 29<\/p><p>Acompanhe nosso trabalho e receba\u00a0 nossas atualiza\u00e7\u00f5es. Clique aqui<\/p>\t\t\t\t\t\t\t\t<\/div>\n\t\t\t\t<\/div>\n\t\t\t\t<\/div>\n\t\t\t\t<\/div>\n\t\t<div class=\"elementor-element elementor-element-fec6703 e-con-full elementor-hidden-desktop elementor-hidden-tablet elementor-hidden-laptop e-flex e-con e-parent\" data-id=\"fec6703\" data-element_type=\"container\" data-e-type=\"container\" data-settings=\"{&quot;jet_parallax_layout_list&quot;:[],&quot;background_background&quot;:&quot;classic&quot;}\">\n\t\t<div class=\"elementor-element elementor-element-5951fea e-con-full e-flex e-con e-child\" data-id=\"5951fea\" data-element_type=\"container\" data-e-type=\"container\" data-settings=\"{&quot;jet_parallax_layout_list&quot;:[]}\">\n\t\t<div class=\"elementor-element elementor-element-78c317e e-con-full e-flex e-con e-child\" data-id=\"78c317e\" data-element_type=\"container\" data-e-type=\"container\" data-settings=\"{&quot;jet_parallax_layout_list&quot;:[],&quot;background_background&quot;:&quot;classic&quot;}\">\n\t\t<div class=\"elementor-element elementor-element-d0d51c0 e-con-full e-flex e-con e-child\" data-id=\"d0d51c0\" data-element_type=\"container\" data-e-type=\"container\" data-settings=\"{&quot;background_background&quot;:&quot;classic&quot;,&quot;jet_parallax_layout_list&quot;:[]}\">\n\t\t<div class=\"elementor-element elementor-element-3cd9b9d e-con-full e-flex e-con e-child\" data-id=\"3cd9b9d\" data-element_type=\"container\" data-e-type=\"container\" data-settings=\"{&quot;jet_parallax_layout_list&quot;:[]}\">\n\t\t\t\t<div class=\"elementor-element elementor-element-641ecba elementor-widget elementor-widget-heading\" data-id=\"641ecba\" data-element_type=\"widget\" data-e-type=\"widget\" data-widget_type=\"heading.default\">\n\t\t\t\t<div class=\"elementor-widget-container\">\n\t\t\t\t\t<h2 class=\"elementor-heading-title elementor-size-default\">Contato.\u00a0<\/h2>\t\t\t\t<\/div>\n\t\t\t\t<\/div>\n\t\t\t\t<div class=\"elementor-element elementor-element-534c005 elementor-widget elementor-widget-heading\" data-id=\"534c005\" data-element_type=\"widget\" data-e-type=\"widget\" data-widget_type=\"heading.default\">\n\t\t\t\t<div class=\"elementor-widget-container\">\n\t\t\t\t\t<h2 class=\"elementor-heading-title elementor-size-default\">Quer conhecer mais sobre nossos projetos? Entre em  contato com a gente.<\/h2>\t\t\t\t<\/div>\n\t\t\t\t<\/div>\n\t\t\t\t<div class=\"elementor-element elementor-element-b93540e elementor-button-align-start elementor-widget elementor-widget-form\" data-id=\"b93540e\" data-element_type=\"widget\" data-e-type=\"widget\" data-settings=\"{&quot;step_next_label&quot;:&quot;Pr\\u00f3ximo&quot;,&quot;step_previous_label&quot;:&quot;Anterior&quot;,&quot;button_width&quot;:&quot;100&quot;,&quot;step_type&quot;:&quot;number_text&quot;,&quot;step_icon_shape&quot;:&quot;circle&quot;}\" data-widget_type=\"form.default\">\n\t\t\t\t<div class=\"elementor-widget-container\">\n\t\t\t\t\t\t\t<form class=\"elementor-form\" method=\"post\" name=\"Novo formul\u00e1rio\" aria-label=\"Novo formul\u00e1rio\">\n\t\t\t<input type=\"hidden\" name=\"post_id\" value=\"45\"\/>\n\t\t\t<input type=\"hidden\" name=\"form_id\" value=\"b93540e\"\/>\n\t\t\t<input type=\"hidden\" name=\"referer_title\" value=\"Fale Conosco | Stemmer Rodrigues\" \/>\n\n\t\t\t\t\t\t\t<input type=\"hidden\" name=\"queried_id\" value=\"45\"\/>\n\t\t\t\n\t\t\t<div class=\"elementor-form-fields-wrapper elementor-labels-above\">\n\t\t\t\t\t\t\t\t<div class=\"elementor-field-type-text elementor-field-group elementor-column elementor-field-group-name elementor-col-100\">\n\t\t\t\t\t\t\t\t\t\t\t\t\t<input size=\"1\" type=\"text\" name=\"form_fields[name]\" id=\"form-field-name\" class=\"elementor-field elementor-size-sm  elementor-field-textual\" placeholder=\"Nome\">\n\t\t\t\t\t\t\t\t\t\t\t<\/div>\n\t\t\t\t\t\t\t\t<div class=\"elementor-field-type-tel elementor-field-group elementor-column elementor-field-group-field_383c3ee elementor-col-100\">\n\t\t\t\t\t\t\t<input size=\"1\" type=\"tel\" name=\"form_fields[field_383c3ee]\" id=\"form-field-field_383c3ee\" class=\"elementor-field elementor-size-sm  elementor-field-textual\" placeholder=\"Telefone\" pattern=\"[0-9()#&amp;+*-=.]+\" title=\"Apenas n\u00fameros e caracteres de telefone (#, -, *, etc.) s\u00e3o aceitos.\">\n\n\t\t\t\t\t\t<\/div>\n\t\t\t\t\t\t\t\t<div class=\"elementor-field-type-email elementor-field-group elementor-column elementor-field-group-email elementor-col-100 elementor-field-required\">\n\t\t\t\t\t\t\t\t\t\t\t\t\t<input size=\"1\" type=\"email\" name=\"form_fields[email]\" id=\"form-field-email\" class=\"elementor-field elementor-size-sm  elementor-field-textual\" placeholder=\"E-mail\" required=\"required\">\n\t\t\t\t\t\t\t\t\t\t\t<\/div>\n\t\t\t\t\t\t\t\t<div class=\"elementor-field-type-textarea elementor-field-group elementor-column elementor-field-group-message elementor-col-100\">\n\t\t\t\t\t<textarea class=\"elementor-field-textual elementor-field  elementor-size-sm\" name=\"form_fields[message]\" id=\"form-field-message\" rows=\"4\" placeholder=\"Mensagem\"><\/textarea>\t\t\t\t<\/div>\n\t\t\t\t\t\t\t\t<div class=\"elementor-field-group elementor-column elementor-field-type-submit elementor-col-100 e-form__buttons\">\n\t\t\t\t\t<button class=\"elementor-button elementor-size-sm\" type=\"submit\">\n\t\t\t\t\t\t<span class=\"elementor-button-content-wrapper\">\n\t\t\t\t\t\t\t\t\t\t\t\t\t\t\t\t\t\t\t\t\t\t<span class=\"elementor-button-text\">Enviar<\/span>\n\t\t\t\t\t\t\t\t\t\t\t\t\t<\/span>\n\t\t\t\t\t<\/button>\n\t\t\t\t<\/div>\n\t\t\t<\/div>\n\t\t<\/form>\n\t\t\t\t\t\t<\/div>\n\t\t\t\t<\/div>\n\t\t\t\t<div class=\"elementor-element elementor-element-1be10e1 elementor-widget__width-initial elementor-widget elementor-widget-google_maps\" data-id=\"1be10e1\" data-element_type=\"widget\" data-e-type=\"widget\" data-widget_type=\"google_maps.default\">\n\t\t\t\t<div class=\"elementor-widget-container\">\n\t\t\t\t\t\t\t<div class=\"elementor-custom-embed\">\n\t\t\t<iframe loading=\"lazy\"\n\t\t\t\t\tsrc=\"https:\/\/maps.google.com\/maps?q=Jo%C3%A3o%20Berutti%20505%20-%20Porto%20Alegre&#038;t=m&#038;z=16&#038;output=embed&#038;iwloc=near\"\n\t\t\t\t\ttitle=\"Jo\u00e3o Berutti 505 - Porto Alegre\"\n\t\t\t\t\taria-label=\"Jo\u00e3o Berutti 505 - Porto Alegre\"\n\t\t\t><\/iframe>\n\t\t<\/div>\n\t\t\t\t\t\t<\/div>\n\t\t\t\t<\/div>\n\t\t\t\t<div class=\"elementor-element elementor-element-1d038d3 elementor-widget__width-initial elementor-widget elementor-widget-text-editor\" data-id=\"1d038d3\" data-element_type=\"widget\" data-e-type=\"widget\" data-widget_type=\"text-editor.default\">\n\t\t\t\t<div class=\"elementor-widget-container\">\n\t\t\t\t\t\t\t\t\t<p><strong>BRASIL<\/strong><br \/>Jo\u00e3o Berutti 505 &#8211; Porto Alegre<br \/>51 3334 3818 | 51 996 088 483<\/p><p><strong>ESPANHA<\/strong><br \/>Carrer de la Riera de Sant Miquel, 1 BIS<br \/>Barcelona +34 685 70 22 29<\/p><p>Acompanhe nosso trabalho e receba\u00a0 nossas atualiza\u00e7\u00f5es. Clique aqui<\/p>\t\t\t\t\t\t\t\t<\/div>\n\t\t\t\t<\/div>\n\t\t\t\t<\/div>\n\t\t\t\t<\/div>\n\t\t\t\t<\/div>\n\t\t\t\t<\/div>\n\t\t\t\t<\/div>\n\t\t\t\t<\/div>\n\t\t","protected":false},"excerpt":{"rendered":"<p>Contato.\u00a0 Quer conhecer mais sobre nossos projetos? Entre em contato com a gente. BRASILJo\u00e3o Berutti 505 &#8211; Porto Alegre51 3334 3818 | 51 996 088 483 ESPANHACarrer de la Riera de Sant Miquel, 1 BISBarcelona +34 685 70 22 29 Acompanhe nosso trabalho e receba\u00a0 nossas atualiza\u00e7\u00f5es. Clique aqui Contato.\u00a0 Quer conhecer mais sobre nossos [&hellip;]<\/p>\n","protected":false},"author":1,"featured_media":787,"parent":0,"menu_order":0,"comment_status":"closed","ping_status":"closed","template":"","meta":{"footnotes":""},"class_list":["post-45","page","type-page","status-publish","has-post-thumbnail","hentry"],"yoast_head":"<!-- This site is optimized with the Yoast SEO plugin v27.3 - https:\/\/yoast.com\/product\/yoast-seo-wordpress\/ -->\n<title>Fale Conosco | Stemmer Rodrigues<\/title>\n<meta name=\"description\" content=\"Fale com a Stemmer Rodrigues e comece seu projeto com quem entende de arquitetura e incorpora\u00e7\u00e3o de alto padr\u00e3o.\" \/>\n<meta name=\"robots\" content=\"index, follow, max-snippet:-1, max-image-preview:large, max-video-preview:-1\" \/>\n<link rel=\"canonical\" href=\"https:\/\/stemmerrodrigues.com.br\/en\/contato\/\" \/>\n<meta property=\"og:locale\" content=\"en_US\" \/>\n<meta property=\"og:type\" content=\"article\" \/>\n<meta property=\"og:title\" content=\"Fale Conosco | Stemmer Rodrigues\" \/>\n<meta property=\"og:description\" content=\"Fale com a Stemmer Rodrigues e comece seu projeto com quem entende de arquitetura e incorpora\u00e7\u00e3o de alto padr\u00e3o.\" \/>\n<meta property=\"og:url\" content=\"https:\/\/stemmerrodrigues.com.br\/en\/contato\/\" \/>\n<meta property=\"og:site_name\" content=\"Stemmer Rodrigues\" \/>\n<meta property=\"article:modified_time\" content=\"2026-01-27T14:19:25+00:00\" \/>\n<meta property=\"og:image\" content=\"http:\/\/stemmerrodrigues.com.br\/wp-content\/uploads\/2025\/08\/Untitled-1-1.png\" \/>\n\t<meta property=\"og:image:width\" content=\"30\" \/>\n\t<meta property=\"og:image:height\" content=\"33\" \/>\n\t<meta property=\"og:image:type\" content=\"image\/png\" \/>\n<meta name=\"twitter:card\" content=\"summary_large_image\" \/>\n<meta name=\"twitter:label1\" content=\"Est. reading time\" \/>\n\t<meta name=\"twitter:data1\" content=\"1 minute\" \/>\n<script type=\"application\/ld+json\" class=\"yoast-schema-graph\">{\"@context\":\"https:\\\/\\\/schema.org\",\"@graph\":[{\"@type\":[\"WebPage\",\"ContactPage\"],\"@id\":\"https:\\\/\\\/stemmerrodrigues.com.br\\\/contato\\\/\",\"url\":\"https:\\\/\\\/stemmerrodrigues.com.br\\\/contato\\\/\",\"name\":\"Fale Conosco | Stemmer Rodrigues\",\"isPartOf\":{\"@id\":\"https:\\\/\\\/stemmerrodrigues.com.br\\\/#website\"},\"primaryImageOfPage\":{\"@id\":\"https:\\\/\\\/stemmerrodrigues.com.br\\\/contato\\\/#primaryimage\"},\"image\":{\"@id\":\"https:\\\/\\\/stemmerrodrigues.com.br\\\/contato\\\/#primaryimage\"},\"thumbnailUrl\":\"https:\\\/\\\/stemmerrodrigues.com.br\\\/wp-content\\\/uploads\\\/2025\\\/08\\\/Untitled-1-1.png\",\"datePublished\":\"2025-06-17T19:48:44+00:00\",\"dateModified\":\"2026-01-27T14:19:25+00:00\",\"description\":\"Fale com a Stemmer Rodrigues e comece seu projeto com quem entende de arquitetura e incorpora\u00e7\u00e3o de alto padr\u00e3o.\",\"breadcrumb\":{\"@id\":\"https:\\\/\\\/stemmerrodrigues.com.br\\\/contato\\\/#breadcrumb\"},\"inLanguage\":\"en-US\",\"potentialAction\":[{\"@type\":\"ReadAction\",\"target\":[\"https:\\\/\\\/stemmerrodrigues.com.br\\\/contato\\\/\"]}]},{\"@type\":\"ImageObject\",\"inLanguage\":\"en-US\",\"@id\":\"https:\\\/\\\/stemmerrodrigues.com.br\\\/contato\\\/#primaryimage\",\"url\":\"https:\\\/\\\/stemmerrodrigues.com.br\\\/wp-content\\\/uploads\\\/2025\\\/08\\\/Untitled-1-1.png\",\"contentUrl\":\"https:\\\/\\\/stemmerrodrigues.com.br\\\/wp-content\\\/uploads\\\/2025\\\/08\\\/Untitled-1-1.png\",\"width\":30,\"height\":33,\"caption\":\"Stemmer Rodrigues, refer\u00eancia em arquitetura e incorpora\u00e7\u00e3o imobili\u00e1ria.\"},{\"@type\":\"BreadcrumbList\",\"@id\":\"https:\\\/\\\/stemmerrodrigues.com.br\\\/contato\\\/#breadcrumb\",\"itemListElement\":[{\"@type\":\"ListItem\",\"position\":1,\"name\":\"In\u00edcio\",\"item\":\"https:\\\/\\\/stemmerrodrigues.com.br\\\/\"},{\"@type\":\"ListItem\",\"position\":2,\"name\":\"Contato\"}]},{\"@type\":\"WebSite\",\"@id\":\"https:\\\/\\\/stemmerrodrigues.com.br\\\/#website\",\"url\":\"https:\\\/\\\/stemmerrodrigues.com.br\\\/\",\"name\":\"Stemmer Rodrigues\",\"description\":\"\",\"publisher\":{\"@id\":\"https:\\\/\\\/stemmerrodrigues.com.br\\\/#organization\"},\"potentialAction\":[{\"@type\":\"SearchAction\",\"target\":{\"@type\":\"EntryPoint\",\"urlTemplate\":\"https:\\\/\\\/stemmerrodrigues.com.br\\\/?s={search_term_string}\"},\"query-input\":{\"@type\":\"PropertyValueSpecification\",\"valueRequired\":true,\"valueName\":\"search_term_string\"}}],\"inLanguage\":\"en-US\"},{\"@type\":\"Organization\",\"@id\":\"https:\\\/\\\/stemmerrodrigues.com.br\\\/#organization\",\"name\":\"Stemmer Rodrigues\",\"url\":\"https:\\\/\\\/stemmerrodrigues.com.br\\\/\",\"logo\":{\"@type\":\"ImageObject\",\"inLanguage\":\"en-US\",\"@id\":\"https:\\\/\\\/stemmerrodrigues.com.br\\\/#\\\/schema\\\/logo\\\/image\\\/\",\"url\":\"https:\\\/\\\/stemmerrodrigues.com.br\\\/wp-content\\\/uploads\\\/2025\\\/06\\\/STEMMER-RODRIGUES.png\",\"contentUrl\":\"https:\\\/\\\/stemmerrodrigues.com.br\\\/wp-content\\\/uploads\\\/2025\\\/06\\\/STEMMER-RODRIGUES.png\",\"width\":483,\"height\":127,\"caption\":\"Stemmer Rodrigues\"},\"image\":{\"@id\":\"https:\\\/\\\/stemmerrodrigues.com.br\\\/#\\\/schema\\\/logo\\\/image\\\/\"}}]}<\/script>\n<!-- \/ Yoast SEO plugin. -->","yoast_head_json":{"title":"Fale Conosco | Stemmer Rodrigues","description":"Fale com a Stemmer Rodrigues e comece seu projeto com quem entende de arquitetura e incorpora\u00e7\u00e3o de alto padr\u00e3o.","robots":{"index":"index","follow":"follow","max-snippet":"max-snippet:-1","max-image-preview":"max-image-preview:large","max-video-preview":"max-video-preview:-1"},"canonical":"https:\/\/stemmerrodrigues.com.br\/en\/contato\/","og_locale":"en_US","og_type":"article","og_title":"Fale Conosco | Stemmer Rodrigues","og_description":"Fale com a Stemmer Rodrigues e comece seu projeto com quem entende de arquitetura e incorpora\u00e7\u00e3o de alto padr\u00e3o.","og_url":"https:\/\/stemmerrodrigues.com.br\/en\/contato\/","og_site_name":"Stemmer Rodrigues","article_modified_time":"2026-01-27T14:19:25+00:00","og_image":[{"width":30,"height":33,"url":"http:\/\/stemmerrodrigues.com.br\/wp-content\/uploads\/2025\/08\/Untitled-1-1.png","type":"image\/png"}],"twitter_card":"summary_large_image","twitter_misc":{"Est. reading time":"1 minute"},"schema":{"@context":"https:\/\/schema.org","@graph":[{"@type":["WebPage","ContactPage"],"@id":"https:\/\/stemmerrodrigues.com.br\/contato\/","url":"https:\/\/stemmerrodrigues.com.br\/contato\/","name":"Fale Conosco | Stemmer Rodrigues","isPartOf":{"@id":"https:\/\/stemmerrodrigues.com.br\/#website"},"primaryImageOfPage":{"@id":"https:\/\/stemmerrodrigues.com.br\/contato\/#primaryimage"},"image":{"@id":"https:\/\/stemmerrodrigues.com.br\/contato\/#primaryimage"},"thumbnailUrl":"https:\/\/stemmerrodrigues.com.br\/wp-content\/uploads\/2025\/08\/Untitled-1-1.png","datePublished":"2025-06-17T19:48:44+00:00","dateModified":"2026-01-27T14:19:25+00:00","description":"Fale com a Stemmer Rodrigues e comece seu projeto com quem entende de arquitetura e incorpora\u00e7\u00e3o de alto padr\u00e3o.","breadcrumb":{"@id":"https:\/\/stemmerrodrigues.com.br\/contato\/#breadcrumb"},"inLanguage":"en-US","potentialAction":[{"@type":"ReadAction","target":["https:\/\/stemmerrodrigues.com.br\/contato\/"]}]},{"@type":"ImageObject","inLanguage":"en-US","@id":"https:\/\/stemmerrodrigues.com.br\/contato\/#primaryimage","url":"https:\/\/stemmerrodrigues.com.br\/wp-content\/uploads\/2025\/08\/Untitled-1-1.png","contentUrl":"https:\/\/stemmerrodrigues.com.br\/wp-content\/uploads\/2025\/08\/Untitled-1-1.png","width":30,"height":33,"caption":"Stemmer Rodrigues, refer\u00eancia em arquitetura e incorpora\u00e7\u00e3o imobili\u00e1ria."},{"@type":"BreadcrumbList","@id":"https:\/\/stemmerrodrigues.com.br\/contato\/#breadcrumb","itemListElement":[{"@type":"ListItem","position":1,"name":"In\u00edcio","item":"https:\/\/stemmerrodrigues.com.br\/"},{"@type":"ListItem","position":2,"name":"Contato"}]},{"@type":"WebSite","@id":"https:\/\/stemmerrodrigues.com.br\/#website","url":"https:\/\/stemmerrodrigues.com.br\/","name":"Stemmer Rodrigues","description":"","publisher":{"@id":"https:\/\/stemmerrodrigues.com.br\/#organization"},"potentialAction":[{"@type":"SearchAction","target":{"@type":"EntryPoint","urlTemplate":"https:\/\/stemmerrodrigues.com.br\/?s={search_term_string}"},"query-input":{"@type":"PropertyValueSpecification","valueRequired":true,"valueName":"search_term_string"}}],"inLanguage":"en-US"},{"@type":"Organization","@id":"https:\/\/stemmerrodrigues.com.br\/#organization","name":"Stemmer Rodrigues","url":"https:\/\/stemmerrodrigues.com.br\/","logo":{"@type":"ImageObject","inLanguage":"en-US","@id":"https:\/\/stemmerrodrigues.com.br\/#\/schema\/logo\/image\/","url":"https:\/\/stemmerrodrigues.com.br\/wp-content\/uploads\/2025\/06\/STEMMER-RODRIGUES.png","contentUrl":"https:\/\/stemmerrodrigues.com.br\/wp-content\/uploads\/2025\/06\/STEMMER-RODRIGUES.png","width":483,"height":127,"caption":"Stemmer Rodrigues"},"image":{"@id":"https:\/\/stemmerrodrigues.com.br\/#\/schema\/logo\/image\/"}}]}},"_links":{"self":[{"href":"https:\/\/stemmerrodrigues.com.br\/en\/wp-json\/wp\/v2\/pages\/45","targetHints":{"allow":["GET"]}}],"collection":[{"href":"https:\/\/stemmerrodrigues.com.br\/en\/wp-json\/wp\/v2\/pages"}],"about":[{"href":"https:\/\/stemmerrodrigues.com.br\/en\/wp-json\/wp\/v2\/types\/page"}],"author":[{"embeddable":true,"href":"https:\/\/stemmerrodrigues.com.br\/en\/wp-json\/wp\/v2\/users\/1"}],"replies":[{"embeddable":true,"href":"https:\/\/stemmerrodrigues.com.br\/en\/wp-json\/wp\/v2\/comments?post=45"}],"version-history":[{"count":79,"href":"https:\/\/stemmerrodrigues.com.br\/en\/wp-json\/wp\/v2\/pages\/45\/revisions"}],"predecessor-version":[{"id":2389,"href":"https:\/\/stemmerrodrigues.com.br\/en\/wp-json\/wp\/v2\/pages\/45\/revisions\/2389"}],"wp:featuredmedia":[{"embeddable":true,"href":"https:\/\/stemmerrodrigues.com.br\/en\/wp-json\/wp\/v2\/media\/787"}],"wp:attachment":[{"href":"https:\/\/stemmerrodrigues.com.br\/en\/wp-json\/wp\/v2\/media?parent=45"}],"curies":[{"name":"wp","href":"https:\/\/api.w.org\/{rel}","templated":true}]}}