{"id":31,"date":"2025-06-17T16:40:41","date_gmt":"2025-06-17T19:40:41","guid":{"rendered":"https:\/\/an1-homologacao.com.br\/stemmer_rodrigues\/?page_id=31"},"modified":"2026-01-27T11:33:15","modified_gmt":"2026-01-27T14:33:15","slug":"sobre-nos","status":"publish","type":"page","link":"https:\/\/stemmerrodrigues.com.br\/es\/stemmer-rodrigues\/sobre-nos\/","title":{"rendered":"Qui\u00e9nes somos"},"content":{"rendered":"<div data-elementor-type=\"wp-page\" data-elementor-id=\"31\" class=\"elementor elementor-31\" data-elementor-post-type=\"page\">\n\t\t\t\t<div class=\"elementor-element elementor-element-a5679b5 e-con-full elementor-hidden-mobile elementor-hidden-tablet e-flex e-con e-parent\" data-id=\"a5679b5\" data-element_type=\"container\" data-e-type=\"container\" data-settings=\"{&quot;jet_parallax_layout_list&quot;:[],&quot;background_background&quot;:&quot;classic&quot;}\">\n\t\t<div class=\"elementor-element elementor-element-b009a14 e-con-full e-flex e-con e-child\" data-id=\"b009a14\" data-element_type=\"container\" data-e-type=\"container\" data-settings=\"{&quot;jet_parallax_layout_list&quot;:[]}\">\n\t\t<div class=\"elementor-element elementor-element-dfe69de e-con-full e-flex e-con e-child\" data-id=\"dfe69de\" data-element_type=\"container\" data-e-type=\"container\" data-settings=\"{&quot;jet_parallax_layout_list&quot;:[]}\">\n\t\t<div class=\"elementor-element elementor-element-c2a5a34 e-con-full e-flex e-con e-child\" data-id=\"c2a5a34\" data-element_type=\"container\" data-e-type=\"container\" data-settings=\"{&quot;background_background&quot;:&quot;classic&quot;,&quot;jet_parallax_layout_list&quot;:[]}\">\n\t\t\t\t<\/div>\n\t\t<div class=\"elementor-element elementor-element-8589aaf e-con-full e-flex e-con e-child\" data-id=\"8589aaf\" data-element_type=\"container\" data-e-type=\"container\" data-settings=\"{&quot;background_background&quot;:&quot;classic&quot;,&quot;jet_parallax_layout_list&quot;:[]}\">\n\t\t\t\t<\/div>\n\t\t\t\t<\/div>\n\t\t<div class=\"elementor-element elementor-element-a3488ff e-con-full e-flex e-con e-child\" data-id=\"a3488ff\" data-element_type=\"container\" data-e-type=\"container\" data-settings=\"{&quot;jet_parallax_layout_list&quot;:[],&quot;background_background&quot;:&quot;classic&quot;}\">\n\t\t\t\t<\/div>\n\t\t\t\t<\/div>\n\t\t<div class=\"elementor-element elementor-element-f3971d2 e-con-full e-flex e-con e-child\" data-id=\"f3971d2\" data-element_type=\"container\" data-e-type=\"container\" data-settings=\"{&quot;jet_parallax_layout_list&quot;:[]}\">\n\t\t\t\t<div class=\"elementor-element elementor-element-6b095b4 elementor-widget__width-initial elementor-view-default elementor-widget elementor-widget-icon\" data-id=\"6b095b4\" data-element_type=\"widget\" data-e-type=\"widget\" data-widget_type=\"icon.default\">\n\t\t\t\t<div class=\"elementor-widget-container\">\n\t\t\t\t\t\t\t<div class=\"elementor-icon-wrapper\">\n\t\t\t<a class=\"elementor-icon\" href=\"https:\/\/stemmerrodrigues.com.br\/es\/\">\n\t\t\t<svg xmlns=\"http:\/\/www.w3.org\/2000\/svg\" width=\"20\" height=\"11\" viewbox=\"0 0 20 11\" fill=\"none\"><path d=\"M1 10L10 1L19 10\" stroke=\"#D9D859\" stroke-width=\"1.5\" stroke-linecap=\"round\" stroke-linejoin=\"round\"><\/path><\/svg>\t\t\t<\/a>\n\t\t<\/div>\n\t\t\t\t\t\t<\/div>\n\t\t\t\t<\/div>\n\t\t\t\t<div class=\"elementor-element elementor-element-61b016a elementor-widget-mobile__width-initial elementor-widget elementor-widget-heading\" data-id=\"61b016a\" data-element_type=\"widget\" data-e-type=\"widget\" data-widget_type=\"heading.default\">\n\t\t\t\t<div class=\"elementor-widget-container\">\n\t\t\t\t\t<h2 class=\"elementor-heading-title elementor-size-default\">Arquitectura en<br>estado de la t\u00e9cnica.<\/h2>\t\t\t\t<\/div>\n\t\t\t\t<\/div>\n\t\t\t\t<div class=\"elementor-element elementor-element-07d4d0c elementor-widget__width-initial elementor-widget elementor-widget-text-editor\" data-id=\"07d4d0c\" data-element_type=\"widget\" data-e-type=\"widget\" data-widget_type=\"text-editor.default\">\n\t\t\t\t<div class=\"elementor-widget-container\">\n\t\t\t\t\t\t\t\t\t<p>En Stemmer Rodrigues, creemos en la arquitectura como una forma de arte que tiene el poder de transformar, inspirar y elevar el esp\u00edritu humano.\u00a0<\/p><p>En cada l\u00ednea trazada, en cada espacio creado, vemos una oportunidad de trascender lo ordinario, de crear algo que no s\u00f3lo existe, sino que vive, respira e inspira.\u00a0<\/p><p>Nos mueve la pasi\u00f3n por innovar, la obstinaci\u00f3n por buscar la perfecci\u00f3n, el valor de ser originales.\u00a0<\/p><p>Nuestra misi\u00f3n es crear espacios que sean un reflejo de la individualidad de cada cliente, entornos que contengan lo mejor de lo mejor.<br \/>sus historias, abrazar sus sue\u00f1os, celebrar<br \/>sus logros.\u00a0<\/p><p>Para nosotros, cada proyecto representa una oportunidad de avanzar<br \/>en un futuro en el que belleza y funcionalidad se entrelazan en perfecta armon\u00eda.\u00a0<\/p><p>Somos arquitectos, pero antes somos artistas, so\u00f1adores, creadores de mundos donde cada detalle est\u00e1 pensado para enriquecer vidas, crear momentos, construir recuerdos.\u00a0<\/p><p>Porque en la intersecci\u00f3n del arte y la arquitectura encontramos nuestro verdadero prop\u00f3sito: inspirar el alma, transformar la vida cotidiana.<br \/>Y dejar un legado de belleza y significado que perdure.\u00a0<\/p>\t\t\t\t\t\t\t\t<\/div>\n\t\t\t\t<\/div>\n\t\t\t\t<\/div>\n\t\t\t\t<\/div>\n\t\t<div class=\"elementor-element elementor-element-a8f7dbd e-con-full elementor-hidden-desktop elementor-hidden-laptop e-flex e-con e-parent\" data-id=\"a8f7dbd\" data-element_type=\"container\" data-e-type=\"container\" data-settings=\"{&quot;jet_parallax_layout_list&quot;:[],&quot;background_background&quot;:&quot;classic&quot;}\">\n\t\t<div class=\"elementor-element elementor-element-b252866 e-con-full e-flex e-con e-child\" data-id=\"b252866\" data-element_type=\"container\" data-e-type=\"container\" data-settings=\"{&quot;jet_parallax_layout_list&quot;:[]}\">\n\t\t\t\t<div class=\"elementor-element elementor-element-6501721 elementor-hidden-mobile elementor-hidden-tablet elementor-view-default elementor-widget elementor-widget-icon\" data-id=\"6501721\" data-element_type=\"widget\" data-e-type=\"widget\" data-widget_type=\"icon.default\">\n\t\t\t\t<div class=\"elementor-widget-container\">\n\t\t\t\t\t\t\t<div class=\"elementor-icon-wrapper\">\n\t\t\t<a class=\"elementor-icon\" href=\"\/es\/\">\n\t\t\t<svg xmlns=\"http:\/\/www.w3.org\/2000\/svg\" width=\"36\" height=\"37\" viewbox=\"0 0 36 37\" fill=\"none\"><rect width=\"37\" height=\"36\" transform=\"translate(36) rotate(90)\" fill=\"#4E574B\"><\/rect><path d=\"M9 23L18 14L27 23\" stroke=\"#D9D859\" stroke-width=\"1.5\" stroke-linecap=\"round\" stroke-linejoin=\"round\"><\/path><\/svg>\t\t\t<\/a>\n\t\t<\/div>\n\t\t\t\t\t\t<\/div>\n\t\t\t\t<\/div>\n\t\t\t\t<div class=\"elementor-element elementor-element-f06d458 elementor-widget-mobile__width-initial elementor-widget elementor-widget-heading\" data-id=\"f06d458\" data-element_type=\"widget\" data-e-type=\"widget\" data-widget_type=\"heading.default\">\n\t\t\t\t<div class=\"elementor-widget-container\">\n\t\t\t\t\t<h2 class=\"elementor-heading-title elementor-size-default\">Arquitectura en<br>estado de la t\u00e9cnica.<\/h2>\t\t\t\t<\/div>\n\t\t\t\t<\/div>\n\t\t\t\t<div class=\"elementor-element elementor-element-a2420ec elementor-widget__width-initial elementor-widget elementor-widget-text-editor\" data-id=\"a2420ec\" data-element_type=\"widget\" data-e-type=\"widget\" data-widget_type=\"text-editor.default\">\n\t\t\t\t<div class=\"elementor-widget-container\">\n\t\t\t\t\t\t\t\t\t<p>En Stemmer Rodrigues, creemos en la arquitectura como una forma de arte que tiene el poder de transformar, inspirar y elevar el esp\u00edritu humano.<br \/><br \/><\/p><p>En cada l\u00ednea trazada, en cada espacio creado, vemos una oportunidad de trascender lo ordinario, de crear algo que no s\u00f3lo existe, sino que vive, respira e inspira.<br \/><br \/><\/p><p>Nos mueve la pasi\u00f3n por innovar, la obstinaci\u00f3n por buscar la perfecci\u00f3n, el valor de ser originales.<br \/><br \/><\/p><p>Nuestra misi\u00f3n es crear espacios que reflejen la individualidad de cada cliente, entornos que cuenten sus historias, acojan sus sue\u00f1os y celebren sus ilusiones.<br \/>sus logros.<br \/><br \/><\/p><p>Para nosotros, cada proyecto representa una oportunidad de avanzar<br \/>en un futuro en el que belleza y funcionalidad se entrelazan en perfecta armon\u00eda.<br \/><br \/><\/p><p>Somos arquitectos, pero antes somos artistas, so\u00f1adores, creadores de mundos donde cada detalle est\u00e1 pensado para enriquecer vidas, crear momentos, construir recuerdos.<br \/><br \/><\/p><p>Porque en la intersecci\u00f3n del arte y la arquitectura encontramos nuestro verdadero prop\u00f3sito: inspirar el alma, transformar la vida cotidiana.<br \/><br \/>Y dejar un legado de belleza y significado que perdure.<br \/><br \/><\/p>\t\t\t\t\t\t\t\t<\/div>\n\t\t\t\t<\/div>\n\t\t\t\t<\/div>\n\t\t\t\t<\/div>\n\t\t<div class=\"elementor-element elementor-element-4e67d0b elementor-hidden-desktop elementor-hidden-laptop e-flex e-con-boxed e-con e-parent\" data-id=\"4e67d0b\" data-element_type=\"container\" data-e-type=\"container\" data-settings=\"{&quot;background_background&quot;:&quot;classic&quot;,&quot;jet_parallax_layout_list&quot;:[]}\">\n\t\t\t\t\t<div class=\"e-con-inner\">\n\t\t<div class=\"elementor-element elementor-element-9129920 e-con-full e-flex e-con e-child\" data-id=\"9129920\" data-element_type=\"container\" data-e-type=\"container\" data-settings=\"{&quot;jet_parallax_layout_list&quot;:[]}\">\n\t\t<div class=\"elementor-element elementor-element-e0d2660 e-con-full e-flex e-con e-child\" data-id=\"e0d2660\" data-element_type=\"container\" data-e-type=\"container\" data-settings=\"{&quot;background_background&quot;:&quot;classic&quot;,&quot;jet_parallax_layout_list&quot;:[]}\">\n\t\t\t\t<\/div>\n\t\t<div class=\"elementor-element elementor-element-6b3b379 e-con-full e-flex e-con e-child\" data-id=\"6b3b379\" data-element_type=\"container\" data-e-type=\"container\" data-settings=\"{&quot;background_background&quot;:&quot;classic&quot;,&quot;jet_parallax_layout_list&quot;:[]}\">\n\t\t\t\t<\/div>\n\t\t<div class=\"elementor-element elementor-element-3366904 e-con-full e-flex e-con e-child\" data-id=\"3366904\" data-element_type=\"container\" data-e-type=\"container\" data-settings=\"{&quot;jet_parallax_layout_list&quot;:[],&quot;background_background&quot;:&quot;classic&quot;}\">\n\t\t\t\t<\/div>\n\t\t\t\t<\/div>\n\t\t\t\t\t<\/div>\n\t\t\t\t<\/div>\n\t\t\t\t<\/div>","protected":false},"excerpt":{"rendered":"<p>Arquitetura emestado de arte. N\u00f3s, na Stemmer Rodrigues, acreditamos na arquitetura como uma forma de arte que tem o poder de transformar, inspirar e elevar o esp\u00edrito humano.\u00a0 Em cada linha desenhada, em cada espa\u00e7o criado, vemos uma oportunidade de transcender o comum, de criar algo que n\u00e3o apenas existe, mas que vive, respira e [&hellip;]<\/p>\n","protected":false},"author":1,"featured_media":787,"parent":27,"menu_order":0,"comment_status":"closed","ping_status":"closed","template":"","meta":{"footnotes":""},"class_list":["post-31","page","type-page","status-publish","has-post-thumbnail","hentry"],"yoast_head":"<!-- This site is optimized with the Yoast SEO plugin v27.3 - https:\/\/yoast.com\/product\/yoast-seo-wordpress\/ -->\n<title>Sobre N\u00f3s | Stemmer Rodrigues<\/title>\n<meta name=\"description\" content=\"Conhe\u00e7a nossa hist\u00f3ria, prop\u00f3sito e a vis\u00e3o que nos move a transformar espa\u00e7os em experi\u00eancias significativas.\" \/>\n<meta name=\"robots\" content=\"index, follow, max-snippet:-1, max-image-preview:large, max-video-preview:-1\" \/>\n<link rel=\"canonical\" href=\"https:\/\/stemmerrodrigues.com.br\/es\/stemmer-rodrigues\/sobre-nos\/\" \/>\n<meta property=\"og:locale\" content=\"es_ES\" \/>\n<meta property=\"og:type\" content=\"article\" \/>\n<meta property=\"og:title\" content=\"Sobre N\u00f3s | Stemmer Rodrigues\" \/>\n<meta property=\"og:description\" content=\"Conhe\u00e7a nossa hist\u00f3ria, prop\u00f3sito e a vis\u00e3o que nos move a transformar espa\u00e7os em experi\u00eancias significativas.\" \/>\n<meta property=\"og:url\" content=\"https:\/\/stemmerrodrigues.com.br\/es\/stemmer-rodrigues\/sobre-nos\/\" \/>\n<meta property=\"og:site_name\" content=\"Stemmer Rodrigues\" \/>\n<meta property=\"article:modified_time\" content=\"2026-01-27T14:33:15+00:00\" \/>\n<meta property=\"og:image\" content=\"http:\/\/stemmerrodrigues.com.br\/wp-content\/uploads\/2025\/08\/Untitled-1-1.png\" \/>\n\t<meta property=\"og:image:width\" content=\"30\" \/>\n\t<meta property=\"og:image:height\" content=\"33\" \/>\n\t<meta property=\"og:image:type\" content=\"image\/png\" \/>\n<meta name=\"twitter:card\" content=\"summary_large_image\" \/>\n<meta name=\"twitter:label1\" content=\"Tiempo de lectura\" \/>\n\t<meta name=\"twitter:data1\" content=\"3 minutos\" \/>\n<script type=\"application\/ld+json\" class=\"yoast-schema-graph\">{\"@context\":\"https:\\\/\\\/schema.org\",\"@graph\":[{\"@type\":[\"WebPage\",\"AboutPage\"],\"@id\":\"https:\\\/\\\/stemmerrodrigues.com.br\\\/stemmer-rodrigues\\\/sobre-nos\\\/\",\"url\":\"https:\\\/\\\/stemmerrodrigues.com.br\\\/stemmer-rodrigues\\\/sobre-nos\\\/\",\"name\":\"Sobre N\u00f3s | Stemmer Rodrigues\",\"isPartOf\":{\"@id\":\"https:\\\/\\\/stemmerrodrigues.com.br\\\/#website\"},\"primaryImageOfPage\":{\"@id\":\"https:\\\/\\\/stemmerrodrigues.com.br\\\/stemmer-rodrigues\\\/sobre-nos\\\/#primaryimage\"},\"image\":{\"@id\":\"https:\\\/\\\/stemmerrodrigues.com.br\\\/stemmer-rodrigues\\\/sobre-nos\\\/#primaryimage\"},\"thumbnailUrl\":\"https:\\\/\\\/stemmerrodrigues.com.br\\\/wp-content\\\/uploads\\\/2025\\\/08\\\/Untitled-1-1.png\",\"datePublished\":\"2025-06-17T19:40:41+00:00\",\"dateModified\":\"2026-01-27T14:33:15+00:00\",\"description\":\"Conhe\u00e7a nossa hist\u00f3ria, prop\u00f3sito e a vis\u00e3o que nos move a transformar espa\u00e7os em experi\u00eancias significativas.\",\"breadcrumb\":{\"@id\":\"https:\\\/\\\/stemmerrodrigues.com.br\\\/stemmer-rodrigues\\\/sobre-nos\\\/#breadcrumb\"},\"inLanguage\":\"es\",\"potentialAction\":[{\"@type\":\"ReadAction\",\"target\":[\"https:\\\/\\\/stemmerrodrigues.com.br\\\/stemmer-rodrigues\\\/sobre-nos\\\/\"]}]},{\"@type\":\"ImageObject\",\"inLanguage\":\"es\",\"@id\":\"https:\\\/\\\/stemmerrodrigues.com.br\\\/stemmer-rodrigues\\\/sobre-nos\\\/#primaryimage\",\"url\":\"https:\\\/\\\/stemmerrodrigues.com.br\\\/wp-content\\\/uploads\\\/2025\\\/08\\\/Untitled-1-1.png\",\"contentUrl\":\"https:\\\/\\\/stemmerrodrigues.com.br\\\/wp-content\\\/uploads\\\/2025\\\/08\\\/Untitled-1-1.png\",\"width\":30,\"height\":33,\"caption\":\"Stemmer Rodrigues, refer\u00eancia em arquitetura e incorpora\u00e7\u00e3o imobili\u00e1ria.\"},{\"@type\":\"BreadcrumbList\",\"@id\":\"https:\\\/\\\/stemmerrodrigues.com.br\\\/stemmer-rodrigues\\\/sobre-nos\\\/#breadcrumb\",\"itemListElement\":[{\"@type\":\"ListItem\",\"position\":1,\"name\":\"In\u00edcio\",\"item\":\"https:\\\/\\\/stemmerrodrigues.com.br\\\/\"},{\"@type\":\"ListItem\",\"position\":2,\"name\":\"Stemmer Rodrigues\",\"item\":\"https:\\\/\\\/stemmerrodrigues.com.br\\\/stemmer-rodrigues\\\/\"},{\"@type\":\"ListItem\",\"position\":3,\"name\":\"Sobre N\u00f3s\"}]},{\"@type\":\"WebSite\",\"@id\":\"https:\\\/\\\/stemmerrodrigues.com.br\\\/#website\",\"url\":\"https:\\\/\\\/stemmerrodrigues.com.br\\\/\",\"name\":\"Stemmer Rodrigues\",\"description\":\"\",\"publisher\":{\"@id\":\"https:\\\/\\\/stemmerrodrigues.com.br\\\/#organization\"},\"potentialAction\":[{\"@type\":\"SearchAction\",\"target\":{\"@type\":\"EntryPoint\",\"urlTemplate\":\"https:\\\/\\\/stemmerrodrigues.com.br\\\/?s={search_term_string}\"},\"query-input\":{\"@type\":\"PropertyValueSpecification\",\"valueRequired\":true,\"valueName\":\"search_term_string\"}}],\"inLanguage\":\"es\"},{\"@type\":\"Organization\",\"@id\":\"https:\\\/\\\/stemmerrodrigues.com.br\\\/#organization\",\"name\":\"Stemmer Rodrigues\",\"url\":\"https:\\\/\\\/stemmerrodrigues.com.br\\\/\",\"logo\":{\"@type\":\"ImageObject\",\"inLanguage\":\"es\",\"@id\":\"https:\\\/\\\/stemmerrodrigues.com.br\\\/#\\\/schema\\\/logo\\\/image\\\/\",\"url\":\"https:\\\/\\\/stemmerrodrigues.com.br\\\/wp-content\\\/uploads\\\/2025\\\/06\\\/STEMMER-RODRIGUES.png\",\"contentUrl\":\"https:\\\/\\\/stemmerrodrigues.com.br\\\/wp-content\\\/uploads\\\/2025\\\/06\\\/STEMMER-RODRIGUES.png\",\"width\":483,\"height\":127,\"caption\":\"Stemmer Rodrigues\"},\"image\":{\"@id\":\"https:\\\/\\\/stemmerrodrigues.com.br\\\/#\\\/schema\\\/logo\\\/image\\\/\"}}]}<\/script>\n<!-- \/ Yoast SEO plugin. -->","yoast_head_json":{"title":"Sobre N\u00f3s | Stemmer Rodrigues","description":"Conhe\u00e7a nossa hist\u00f3ria, prop\u00f3sito e a vis\u00e3o que nos move a transformar espa\u00e7os em experi\u00eancias significativas.","robots":{"index":"index","follow":"follow","max-snippet":"max-snippet:-1","max-image-preview":"max-image-preview:large","max-video-preview":"max-video-preview:-1"},"canonical":"https:\/\/stemmerrodrigues.com.br\/es\/stemmer-rodrigues\/sobre-nos\/","og_locale":"es_ES","og_type":"article","og_title":"Sobre N\u00f3s | Stemmer Rodrigues","og_description":"Conhe\u00e7a nossa hist\u00f3ria, prop\u00f3sito e a vis\u00e3o que nos move a transformar espa\u00e7os em experi\u00eancias significativas.","og_url":"https:\/\/stemmerrodrigues.com.br\/es\/stemmer-rodrigues\/sobre-nos\/","og_site_name":"Stemmer Rodrigues","article_modified_time":"2026-01-27T14:33:15+00:00","og_image":[{"width":30,"height":33,"url":"http:\/\/stemmerrodrigues.com.br\/wp-content\/uploads\/2025\/08\/Untitled-1-1.png","type":"image\/png"}],"twitter_card":"summary_large_image","twitter_misc":{"Tiempo de lectura":"3 minutos"},"schema":{"@context":"https:\/\/schema.org","@graph":[{"@type":["WebPage","AboutPage"],"@id":"https:\/\/stemmerrodrigues.com.br\/stemmer-rodrigues\/sobre-nos\/","url":"https:\/\/stemmerrodrigues.com.br\/stemmer-rodrigues\/sobre-nos\/","name":"Sobre N\u00f3s | Stemmer Rodrigues","isPartOf":{"@id":"https:\/\/stemmerrodrigues.com.br\/#website"},"primaryImageOfPage":{"@id":"https:\/\/stemmerrodrigues.com.br\/stemmer-rodrigues\/sobre-nos\/#primaryimage"},"image":{"@id":"https:\/\/stemmerrodrigues.com.br\/stemmer-rodrigues\/sobre-nos\/#primaryimage"},"thumbnailUrl":"https:\/\/stemmerrodrigues.com.br\/wp-content\/uploads\/2025\/08\/Untitled-1-1.png","datePublished":"2025-06-17T19:40:41+00:00","dateModified":"2026-01-27T14:33:15+00:00","description":"Conhe\u00e7a nossa hist\u00f3ria, prop\u00f3sito e a vis\u00e3o que nos move a transformar espa\u00e7os em experi\u00eancias significativas.","breadcrumb":{"@id":"https:\/\/stemmerrodrigues.com.br\/stemmer-rodrigues\/sobre-nos\/#breadcrumb"},"inLanguage":"es","potentialAction":[{"@type":"ReadAction","target":["https:\/\/stemmerrodrigues.com.br\/stemmer-rodrigues\/sobre-nos\/"]}]},{"@type":"ImageObject","inLanguage":"es","@id":"https:\/\/stemmerrodrigues.com.br\/stemmer-rodrigues\/sobre-nos\/#primaryimage","url":"https:\/\/stemmerrodrigues.com.br\/wp-content\/uploads\/2025\/08\/Untitled-1-1.png","contentUrl":"https:\/\/stemmerrodrigues.com.br\/wp-content\/uploads\/2025\/08\/Untitled-1-1.png","width":30,"height":33,"caption":"Stemmer Rodrigues, refer\u00eancia em arquitetura e incorpora\u00e7\u00e3o imobili\u00e1ria."},{"@type":"BreadcrumbList","@id":"https:\/\/stemmerrodrigues.com.br\/stemmer-rodrigues\/sobre-nos\/#breadcrumb","itemListElement":[{"@type":"ListItem","position":1,"name":"In\u00edcio","item":"https:\/\/stemmerrodrigues.com.br\/"},{"@type":"ListItem","position":2,"name":"Stemmer Rodrigues","item":"https:\/\/stemmerrodrigues.com.br\/stemmer-rodrigues\/"},{"@type":"ListItem","position":3,"name":"Sobre N\u00f3s"}]},{"@type":"WebSite","@id":"https:\/\/stemmerrodrigues.com.br\/#website","url":"https:\/\/stemmerrodrigues.com.br\/","name":"Stemmer Rodrigues","description":"","publisher":{"@id":"https:\/\/stemmerrodrigues.com.br\/#organization"},"potentialAction":[{"@type":"SearchAction","target":{"@type":"EntryPoint","urlTemplate":"https:\/\/stemmerrodrigues.com.br\/?s={search_term_string}"},"query-input":{"@type":"PropertyValueSpecification","valueRequired":true,"valueName":"search_term_string"}}],"inLanguage":"es"},{"@type":"Organization","@id":"https:\/\/stemmerrodrigues.com.br\/#organization","name":"Stemmer Rodrigues","url":"https:\/\/stemmerrodrigues.com.br\/","logo":{"@type":"ImageObject","inLanguage":"es","@id":"https:\/\/stemmerrodrigues.com.br\/#\/schema\/logo\/image\/","url":"https:\/\/stemmerrodrigues.com.br\/wp-content\/uploads\/2025\/06\/STEMMER-RODRIGUES.png","contentUrl":"https:\/\/stemmerrodrigues.com.br\/wp-content\/uploads\/2025\/06\/STEMMER-RODRIGUES.png","width":483,"height":127,"caption":"Stemmer Rodrigues"},"image":{"@id":"https:\/\/stemmerrodrigues.com.br\/#\/schema\/logo\/image\/"}}]}},"_links":{"self":[{"href":"https:\/\/stemmerrodrigues.com.br\/es\/wp-json\/wp\/v2\/pages\/31","targetHints":{"allow":["GET"]}}],"collection":[{"href":"https:\/\/stemmerrodrigues.com.br\/es\/wp-json\/wp\/v2\/pages"}],"about":[{"href":"https:\/\/stemmerrodrigues.com.br\/es\/wp-json\/wp\/v2\/types\/page"}],"author":[{"embeddable":true,"href":"https:\/\/stemmerrodrigues.com.br\/es\/wp-json\/wp\/v2\/users\/1"}],"replies":[{"embeddable":true,"href":"https:\/\/stemmerrodrigues.com.br\/es\/wp-json\/wp\/v2\/comments?post=31"}],"version-history":[{"count":193,"href":"https:\/\/stemmerrodrigues.com.br\/es\/wp-json\/wp\/v2\/pages\/31\/revisions"}],"predecessor-version":[{"id":2399,"href":"https:\/\/stemmerrodrigues.com.br\/es\/wp-json\/wp\/v2\/pages\/31\/revisions\/2399"}],"up":[{"embeddable":true,"href":"https:\/\/stemmerrodrigues.com.br\/es\/wp-json\/wp\/v2\/pages\/27"}],"wp:featuredmedia":[{"embeddable":true,"href":"https:\/\/stemmerrodrigues.com.br\/es\/wp-json\/wp\/v2\/media\/787"}],"wp:attachment":[{"href":"https:\/\/stemmerrodrigues.com.br\/es\/wp-json\/wp\/v2\/media?parent=31"}],"curies":[{"name":"wp","href":"https:\/\/api.w.org\/{rel}","templated":true}]}}