{"id":34,"date":"2025-06-17T16:41:11","date_gmt":"2025-06-17T19:41:11","guid":{"rendered":"https:\/\/an1-homologacao.com.br\/stemmer_rodrigues\/?page_id=34"},"modified":"2026-01-27T11:30:48","modified_gmt":"2026-01-27T14:30:48","slug":"premios","status":"publish","type":"page","link":"https:\/\/stemmerrodrigues.com.br\/es\/stemmer-rodrigues\/premios\/","title":{"rendered":"Premios"},"content":{"rendered":"<div data-elementor-type=\"wp-page\" data-elementor-id=\"34\" class=\"elementor elementor-34\" data-elementor-post-type=\"page\">\n\t\t\t\t<div class=\"elementor-element elementor-element-62c6f34 e-con-full elementor-hidden-mobile elementor-hidden-tablet e-flex e-con e-parent\" data-id=\"62c6f34\" data-element_type=\"container\" data-e-type=\"container\" data-settings=\"{&quot;jet_parallax_layout_list&quot;:[],&quot;background_background&quot;:&quot;classic&quot;}\">\n\t\t<div class=\"elementor-element elementor-element-8db2391 e-con-full e-flex e-con e-child\" data-id=\"8db2391\" data-element_type=\"container\" data-e-type=\"container\" data-settings=\"{&quot;jet_parallax_layout_list&quot;:[]}\">\n\t\t<div class=\"elementor-element elementor-element-6900829 e-con-full e-flex e-con e-child\" data-id=\"6900829\" data-element_type=\"container\" data-e-type=\"container\" data-settings=\"{&quot;jet_parallax_layout_list&quot;:[]}\">\n\t\t<div class=\"elementor-element elementor-element-8e58ab2 e-con-full e-flex e-con e-child\" data-id=\"8e58ab2\" data-element_type=\"container\" data-e-type=\"container\" data-settings=\"{&quot;background_background&quot;:&quot;classic&quot;,&quot;jet_parallax_layout_list&quot;:[]}\">\n\t\t\t\t<\/div>\n\t\t<div class=\"elementor-element elementor-element-ee3658d e-con-full e-flex e-con e-child\" data-id=\"ee3658d\" data-element_type=\"container\" data-e-type=\"container\" data-settings=\"{&quot;background_background&quot;:&quot;classic&quot;,&quot;jet_parallax_layout_list&quot;:[]}\">\n\t\t\t\t<\/div>\n\t\t\t\t<\/div>\n\t\t<div class=\"elementor-element elementor-element-ef57b1d e-con-full e-flex e-con e-child\" data-id=\"ef57b1d\" data-element_type=\"container\" data-e-type=\"container\" data-settings=\"{&quot;jet_parallax_layout_list&quot;:[]}\">\n\t\t<div class=\"elementor-element elementor-element-14fca7d e-con-full e-flex e-con e-child\" data-id=\"14fca7d\" data-element_type=\"container\" data-e-type=\"container\" data-settings=\"{&quot;background_background&quot;:&quot;classic&quot;,&quot;jet_parallax_layout_list&quot;:[]}\">\n\t\t\t\t<\/div>\n\t\t<div class=\"elementor-element elementor-element-0e6980a e-con-full e-flex e-con e-child\" data-id=\"0e6980a\" data-element_type=\"container\" data-e-type=\"container\" data-settings=\"{&quot;background_background&quot;:&quot;classic&quot;,&quot;jet_parallax_layout_list&quot;:[]}\">\n\t\t\t\t<\/div>\n\t\t<div class=\"elementor-element elementor-element-2f36b74 e-con-full e-flex e-con e-child\" data-id=\"2f36b74\" data-element_type=\"container\" data-e-type=\"container\" data-settings=\"{&quot;background_background&quot;:&quot;classic&quot;,&quot;jet_parallax_layout_list&quot;:[]}\">\n\t\t\t\t<\/div>\n\t\t\t\t<\/div>\n\t\t\t\t<\/div>\n\t\t<div class=\"elementor-element elementor-element-5990659 e-con-full e-flex e-con e-child\" data-id=\"5990659\" data-element_type=\"container\" data-e-type=\"container\" data-settings=\"{&quot;jet_parallax_layout_list&quot;:[]}\">\n\t\t\t\t<div class=\"elementor-element elementor-element-b1d7a9f elementor-widget__width-initial elementor-view-default elementor-widget elementor-widget-icon\" data-id=\"b1d7a9f\" data-element_type=\"widget\" data-e-type=\"widget\" data-widget_type=\"icon.default\">\n\t\t\t\t<div class=\"elementor-widget-container\">\n\t\t\t\t\t\t\t<div class=\"elementor-icon-wrapper\">\n\t\t\t<a class=\"elementor-icon\" href=\"https:\/\/stemmerrodrigues.com.br\/es\/stemmer-rodrigues\/sobre-nos\/\">\n\t\t\t<svg xmlns=\"http:\/\/www.w3.org\/2000\/svg\" width=\"20\" height=\"11\" viewbox=\"0 0 20 11\" fill=\"none\"><path d=\"M1 10L10 1L19 10\" stroke=\"#D9D859\" stroke-width=\"1.5\" stroke-linecap=\"round\" stroke-linejoin=\"round\"><\/path><\/svg>\t\t\t<\/a>\n\t\t<\/div>\n\t\t\t\t\t\t<\/div>\n\t\t\t\t<\/div>\n\t\t\t\t<div class=\"elementor-element elementor-element-1e46f57 elementor-widget-mobile__width-initial elementor-widget elementor-widget-heading\" data-id=\"1e46f57\" data-element_type=\"widget\" data-e-type=\"widget\" data-widget_type=\"heading.default\">\n\t\t\t\t<div class=\"elementor-widget-container\">\n\t\t\t\t\t<h2 class=\"elementor-heading-title elementor-size-default\">Premios.\u00a0<\/h2>\t\t\t\t<\/div>\n\t\t\t\t<\/div>\n\t\t\t\t<div class=\"elementor-element elementor-element-71a1669 elementor-widget__width-initial elementor-widget elementor-widget-text-editor\" data-id=\"71a1669\" data-element_type=\"widget\" data-e-type=\"widget\" data-widget_type=\"text-editor.default\">\n\t\t\t\t<div class=\"elementor-widget-container\">\n\t\t\t\t\t\t\t\t\t<p><strong><span style=\"color: #d9d859;\">2020\u00a0<\/span><\/strong><br \/>Vest\u00edbulo de poemas\u00a0<br \/>1er puesto - Premio AAI\u00a0<br \/>Colegio de Arquitectos de Interior\u00a0<\/p><p><strong><span style=\"color: #d9d859;\">2019\u00a0<\/span><\/strong><br \/>Casa de madera\u00a0<br \/>1er puesto - Premio AsBEA-RS\u00a0<br \/>Categor\u00eda: Residencias\u00a0<br \/>Tipo: obra terminada\u00a0<\/p><p><span style=\"color: #d9d859;\"><strong>2018\u00a0<\/strong><\/span><br \/>Casa da Figueira y Poema\u00a0<br \/>Destacado en las p\u00e1ginas de AWW 2018 - Architecture - Work in Progress Worlwide\u00a0<br \/>Revista Interni - Italia\u00a0<\/p><p><strong><span style=\"color: #d9d859;\">2017\u00a0<\/span><\/strong><br \/>Premio Arquitecto y Urbanista 2017\u00a0<br \/>Categor\u00eda: Sector privado\u00a0<br \/>Sindicato de Arquitectos RS\u00a0<\/p><p><strong><span style=\"color: #d9d859;\">2014\u00a0<\/span><\/strong><br \/>Bossa\u00a0<br \/>Premios inmobiliarios \/ Inglaterra\u00a0<br \/>Premio Internacional de Arquitectura\u00a0<\/p><p><strong><span style=\"color: #d9d859;\">2009\u00a0<\/span><\/strong><br \/>Positano\u00a0<br \/>Premio Anfacer de AsBEA\u00a0<br \/>Asoc. Brasile\u00f1a Oficinas de Arquitectura y Asociaci\u00f3n Nacional de Fabricantes de Cer\u00e1mica<\/p>\t\t\t\t\t\t\t\t<\/div>\n\t\t\t\t<\/div>\n\t\t\t\t<\/div>\n\t\t\t\t<\/div>\n\t\t<div class=\"elementor-element elementor-element-cd767b7 e-con-full elementor-hidden-desktop elementor-hidden-laptop e-flex e-con e-parent\" data-id=\"cd767b7\" data-element_type=\"container\" data-e-type=\"container\" data-settings=\"{&quot;jet_parallax_layout_list&quot;:[],&quot;background_background&quot;:&quot;classic&quot;}\">\n\t\t<div class=\"elementor-element elementor-element-aba072e e-con-full e-flex e-con e-child\" data-id=\"aba072e\" data-element_type=\"container\" data-e-type=\"container\" data-settings=\"{&quot;jet_parallax_layout_list&quot;:[]}\">\n\t\t\t\t<div class=\"elementor-element elementor-element-88fed1c elementor-hidden-mobile elementor-hidden-tablet elementor-view-default elementor-widget elementor-widget-icon\" data-id=\"88fed1c\" data-element_type=\"widget\" data-e-type=\"widget\" data-widget_type=\"icon.default\">\n\t\t\t\t<div class=\"elementor-widget-container\">\n\t\t\t\t\t\t\t<div class=\"elementor-icon-wrapper\">\n\t\t\t<a class=\"elementor-icon\" href=\"\/es\/\">\n\t\t\t<svg xmlns=\"http:\/\/www.w3.org\/2000\/svg\" width=\"36\" height=\"37\" viewbox=\"0 0 36 37\" fill=\"none\"><rect width=\"37\" height=\"36\" transform=\"translate(36) rotate(90)\" fill=\"#4E574B\"><\/rect><path d=\"M9 23L18 14L27 23\" stroke=\"#D9D859\" stroke-width=\"1.5\" stroke-linecap=\"round\" stroke-linejoin=\"round\"><\/path><\/svg>\t\t\t<\/a>\n\t\t<\/div>\n\t\t\t\t\t\t<\/div>\n\t\t\t\t<\/div>\n\t\t\t\t<div class=\"elementor-element elementor-element-4a4360b elementor-widget-mobile__width-initial elementor-widget elementor-widget-heading\" data-id=\"4a4360b\" data-element_type=\"widget\" data-e-type=\"widget\" data-widget_type=\"heading.default\">\n\t\t\t\t<div class=\"elementor-widget-container\">\n\t\t\t\t\t<h2 class=\"elementor-heading-title elementor-size-default\">Premios.\u00a0<\/h2>\t\t\t\t<\/div>\n\t\t\t\t<\/div>\n\t\t\t\t<div class=\"elementor-element elementor-element-aa75a8b elementor-widget__width-initial elementor-widget elementor-widget-text-editor\" data-id=\"aa75a8b\" data-element_type=\"widget\" data-e-type=\"widget\" data-widget_type=\"text-editor.default\">\n\t\t\t\t<div class=\"elementor-widget-container\">\n\t\t\t\t\t\t\t\t\t<p><strong><span style=\"color: #d9d859;\">2020<\/span><\/strong>\u00a0<br \/>Vest\u00edbulo de poemas\u00a0<br \/>1er puesto - Premio AAI\u00a0<br \/>Colegio de Arquitectos de Interior\u00a0<br \/><br \/><strong><span style=\"color: #d9d859;\">2019\u00a0<\/span><\/strong><br \/>Casa de madera\u00a0<br \/>1er puesto - Premio AsBEA-RS\u00a0<br \/>Categor\u00eda: Residencias\u00a0<br \/>Tipo: obra terminada\u00a0<br \/><br \/><strong><span style=\"color: #d9d859;\">2018<\/span><\/strong>\u00a0<br \/>Casa da Figueira y Poema\u00a0<br \/>Destacado en las p\u00e1ginas de AWW 2018 - Architecture - Work in Progress Worlwide\u00a0<br \/>Revista Interni - Italia\u00a0<br \/><br \/><strong><span style=\"color: #d9d859;\">2017<\/span><\/strong>\u00a0<br \/>Premio Arquitecto y Urbanista 2017\u00a0<br \/>Categor\u00eda: Sector privado\u00a0<br \/>Sindicato de Arquitectos RS\u00a0<br \/><br \/><strong><span style=\"color: #d9d859;\">2014\u00a0<\/span><\/strong><br \/>Bossa\u00a0<br \/>Premios inmobiliarios \/ Inglaterra\u00a0<br \/>Premio Internacional de Arquitectura\u00a0<br \/><br \/><strong><span style=\"color: #d9d859;\">2009\u00a0<\/span><\/strong><br \/>Positano\u00a0<br \/>Premio Anfacer de AsBEA\u00a0<br \/>Asoc. Brasile\u00f1a Oficinas de Arquitectura y Asociaci\u00f3n Nacional de Fabricantes de Cer\u00e1mica\u00a0<\/p>\t\t\t\t\t\t\t\t<\/div>\n\t\t\t\t<\/div>\n\t\t\t\t<\/div>\n\t\t<div class=\"elementor-element elementor-element-849208c e-con-full e-flex e-con e-child\" data-id=\"849208c\" data-element_type=\"container\" data-e-type=\"container\" data-settings=\"{&quot;jet_parallax_layout_list&quot;:[]}\">\n\t\t<div class=\"elementor-element elementor-element-825cb14 e-con-full e-flex e-con e-child\" data-id=\"825cb14\" data-element_type=\"container\" data-e-type=\"container\" data-settings=\"{&quot;jet_parallax_layout_list&quot;:[]}\">\n\t\t<div class=\"elementor-element elementor-element-a1159aa e-con-full e-flex e-con e-child\" data-id=\"a1159aa\" data-element_type=\"container\" data-e-type=\"container\" data-settings=\"{&quot;background_background&quot;:&quot;classic&quot;,&quot;jet_parallax_layout_list&quot;:[]}\">\n\t\t\t\t<\/div>\n\t\t<div class=\"elementor-element elementor-element-4431400 e-con-full e-flex e-con e-child\" data-id=\"4431400\" data-element_type=\"container\" data-e-type=\"container\" data-settings=\"{&quot;background_background&quot;:&quot;classic&quot;,&quot;jet_parallax_layout_list&quot;:[]}\">\n\t\t\t\t<\/div>\n\t\t<div class=\"elementor-element elementor-element-caf80b8 e-con-full e-flex e-con e-child\" data-id=\"caf80b8\" data-element_type=\"container\" data-e-type=\"container\" data-settings=\"{&quot;background_background&quot;:&quot;classic&quot;,&quot;jet_parallax_layout_list&quot;:[]}\">\n\t\t\t\t<\/div>\n\t\t<div class=\"elementor-element elementor-element-c65ce1e e-con-full e-flex e-con e-child\" data-id=\"c65ce1e\" data-element_type=\"container\" data-e-type=\"container\" data-settings=\"{&quot;background_background&quot;:&quot;classic&quot;,&quot;jet_parallax_layout_list&quot;:[]}\">\n\t\t\t\t<\/div>\n\t\t<div class=\"elementor-element elementor-element-05214fe e-con-full e-flex e-con e-child\" data-id=\"05214fe\" data-element_type=\"container\" data-e-type=\"container\" data-settings=\"{&quot;background_background&quot;:&quot;classic&quot;,&quot;jet_parallax_layout_list&quot;:[]}\">\n\t\t\t\t<\/div>\n\t\t\t\t<\/div>\n\t\t\t\t<\/div>\n\t\t\t\t<\/div>\n\t\t\t\t<\/div>","protected":false},"excerpt":{"rendered":"<p>Pr\u00eamios.\u00a0 2020\u00a0Foyer Poema\u00a01\u00ba lugar &#8211; pr\u00eamio AAI\u00a0Assoc. Arquitetos Interiores\u00a0 2019\u00a0Casa Frame\u00a01\u00ba lugar &#8211; Pr\u00eamio AsBEA-RS\u00a0Categoria: Resid\u00eancias\u00a0Modalidade: obra conclu\u00edda\u00a0 2018\u00a0Casa da Figueira e Poema\u00a0Destaque nas p\u00e1ginas do AWW 2018 \u2013 Architeture \u2013 Work in Progress Worlwide\u00a0Revista Interni &#8211; It\u00e1lia\u00a0 2017\u00a0Pr\u00eamio Arquiteto e Urbanista\u00a02017\u00a0Categoria: Setor Privado\u00a0Sindicato dos Arquitetos RS\u00a0 2014\u00a0Bossa\u00a0Property Awards \/ Inglaterra\u00a0Pr\u00eamio International de Arquitetura\u00a0 2009\u00a0Positano\u00a0Pr\u00eamio [&hellip;]<\/p>\n","protected":false},"author":1,"featured_media":787,"parent":27,"menu_order":0,"comment_status":"closed","ping_status":"closed","template":"","meta":{"footnotes":""},"class_list":["post-34","page","type-page","status-publish","has-post-thumbnail","hentry"],"yoast_head":"<!-- This site is optimized with the Yoast SEO plugin v27.3 - https:\/\/yoast.com\/product\/yoast-seo-wordpress\/ -->\n<title>Pr\u00eamios Stemmer Rodrigues<\/title>\n<meta name=\"description\" content=\"Constru\u00edmos uma trajet\u00f3ria reconhecida por pr\u00eamios que refletem a qualidade e a originalidade presentes em cada projeto. Veja mais.\" \/>\n<meta name=\"robots\" content=\"index, follow, max-snippet:-1, max-image-preview:large, max-video-preview:-1\" \/>\n<link rel=\"canonical\" href=\"https:\/\/stemmerrodrigues.com.br\/es\/stemmer-rodrigues\/premios\/\" \/>\n<meta property=\"og:locale\" content=\"es_ES\" \/>\n<meta property=\"og:type\" content=\"article\" \/>\n<meta property=\"og:title\" content=\"Pr\u00eamios Stemmer Rodrigues\" \/>\n<meta property=\"og:description\" content=\"Constru\u00edmos uma trajet\u00f3ria reconhecida por pr\u00eamios que refletem a qualidade e a originalidade presentes em cada projeto. Veja mais.\" \/>\n<meta property=\"og:url\" content=\"https:\/\/stemmerrodrigues.com.br\/es\/stemmer-rodrigues\/premios\/\" \/>\n<meta property=\"og:site_name\" content=\"Stemmer Rodrigues\" \/>\n<meta property=\"article:modified_time\" content=\"2026-01-27T14:30:48+00:00\" \/>\n<meta property=\"og:image\" content=\"http:\/\/stemmerrodrigues.com.br\/wp-content\/uploads\/2025\/08\/Untitled-1-1.png\" \/>\n\t<meta property=\"og:image:width\" content=\"30\" \/>\n\t<meta property=\"og:image:height\" content=\"33\" \/>\n\t<meta property=\"og:image:type\" content=\"image\/png\" \/>\n<meta name=\"twitter:card\" content=\"summary_large_image\" \/>\n<meta name=\"twitter:label1\" content=\"Tiempo de lectura\" \/>\n\t<meta name=\"twitter:data1\" content=\"2 minutos\" \/>\n<script type=\"application\/ld+json\" class=\"yoast-schema-graph\">{\"@context\":\"https:\\\/\\\/schema.org\",\"@graph\":[{\"@type\":\"WebPage\",\"@id\":\"https:\\\/\\\/stemmerrodrigues.com.br\\\/stemmer-rodrigues\\\/premios\\\/\",\"url\":\"https:\\\/\\\/stemmerrodrigues.com.br\\\/stemmer-rodrigues\\\/premios\\\/\",\"name\":\"Pr\u00eamios Stemmer Rodrigues\",\"isPartOf\":{\"@id\":\"https:\\\/\\\/stemmerrodrigues.com.br\\\/#website\"},\"primaryImageOfPage\":{\"@id\":\"https:\\\/\\\/stemmerrodrigues.com.br\\\/stemmer-rodrigues\\\/premios\\\/#primaryimage\"},\"image\":{\"@id\":\"https:\\\/\\\/stemmerrodrigues.com.br\\\/stemmer-rodrigues\\\/premios\\\/#primaryimage\"},\"thumbnailUrl\":\"https:\\\/\\\/stemmerrodrigues.com.br\\\/wp-content\\\/uploads\\\/2025\\\/08\\\/Untitled-1-1.png\",\"datePublished\":\"2025-06-17T19:41:11+00:00\",\"dateModified\":\"2026-01-27T14:30:48+00:00\",\"description\":\"Constru\u00edmos uma trajet\u00f3ria reconhecida por pr\u00eamios que refletem a qualidade e a originalidade presentes em cada projeto. Veja mais.\",\"breadcrumb\":{\"@id\":\"https:\\\/\\\/stemmerrodrigues.com.br\\\/stemmer-rodrigues\\\/premios\\\/#breadcrumb\"},\"inLanguage\":\"es\",\"potentialAction\":[{\"@type\":\"ReadAction\",\"target\":[\"https:\\\/\\\/stemmerrodrigues.com.br\\\/stemmer-rodrigues\\\/premios\\\/\"]}]},{\"@type\":\"ImageObject\",\"inLanguage\":\"es\",\"@id\":\"https:\\\/\\\/stemmerrodrigues.com.br\\\/stemmer-rodrigues\\\/premios\\\/#primaryimage\",\"url\":\"https:\\\/\\\/stemmerrodrigues.com.br\\\/wp-content\\\/uploads\\\/2025\\\/08\\\/Untitled-1-1.png\",\"contentUrl\":\"https:\\\/\\\/stemmerrodrigues.com.br\\\/wp-content\\\/uploads\\\/2025\\\/08\\\/Untitled-1-1.png\",\"width\":30,\"height\":33,\"caption\":\"Stemmer Rodrigues, refer\u00eancia em arquitetura e incorpora\u00e7\u00e3o imobili\u00e1ria.\"},{\"@type\":\"BreadcrumbList\",\"@id\":\"https:\\\/\\\/stemmerrodrigues.com.br\\\/stemmer-rodrigues\\\/premios\\\/#breadcrumb\",\"itemListElement\":[{\"@type\":\"ListItem\",\"position\":1,\"name\":\"In\u00edcio\",\"item\":\"https:\\\/\\\/stemmerrodrigues.com.br\\\/\"},{\"@type\":\"ListItem\",\"position\":2,\"name\":\"Stemmer Rodrigues\",\"item\":\"https:\\\/\\\/stemmerrodrigues.com.br\\\/stemmer-rodrigues\\\/\"},{\"@type\":\"ListItem\",\"position\":3,\"name\":\"Pr\u00eamios\"}]},{\"@type\":\"WebSite\",\"@id\":\"https:\\\/\\\/stemmerrodrigues.com.br\\\/#website\",\"url\":\"https:\\\/\\\/stemmerrodrigues.com.br\\\/\",\"name\":\"Stemmer Rodrigues\",\"description\":\"\",\"publisher\":{\"@id\":\"https:\\\/\\\/stemmerrodrigues.com.br\\\/#organization\"},\"potentialAction\":[{\"@type\":\"SearchAction\",\"target\":{\"@type\":\"EntryPoint\",\"urlTemplate\":\"https:\\\/\\\/stemmerrodrigues.com.br\\\/?s={search_term_string}\"},\"query-input\":{\"@type\":\"PropertyValueSpecification\",\"valueRequired\":true,\"valueName\":\"search_term_string\"}}],\"inLanguage\":\"es\"},{\"@type\":\"Organization\",\"@id\":\"https:\\\/\\\/stemmerrodrigues.com.br\\\/#organization\",\"name\":\"Stemmer Rodrigues\",\"url\":\"https:\\\/\\\/stemmerrodrigues.com.br\\\/\",\"logo\":{\"@type\":\"ImageObject\",\"inLanguage\":\"es\",\"@id\":\"https:\\\/\\\/stemmerrodrigues.com.br\\\/#\\\/schema\\\/logo\\\/image\\\/\",\"url\":\"https:\\\/\\\/stemmerrodrigues.com.br\\\/wp-content\\\/uploads\\\/2025\\\/06\\\/STEMMER-RODRIGUES.png\",\"contentUrl\":\"https:\\\/\\\/stemmerrodrigues.com.br\\\/wp-content\\\/uploads\\\/2025\\\/06\\\/STEMMER-RODRIGUES.png\",\"width\":483,\"height\":127,\"caption\":\"Stemmer Rodrigues\"},\"image\":{\"@id\":\"https:\\\/\\\/stemmerrodrigues.com.br\\\/#\\\/schema\\\/logo\\\/image\\\/\"}}]}<\/script>\n<!-- \/ Yoast SEO plugin. -->","yoast_head_json":{"title":"Pr\u00eamios Stemmer Rodrigues","description":"Constru\u00edmos uma trajet\u00f3ria reconhecida por pr\u00eamios que refletem a qualidade e a originalidade presentes em cada projeto. Veja mais.","robots":{"index":"index","follow":"follow","max-snippet":"max-snippet:-1","max-image-preview":"max-image-preview:large","max-video-preview":"max-video-preview:-1"},"canonical":"https:\/\/stemmerrodrigues.com.br\/es\/stemmer-rodrigues\/premios\/","og_locale":"es_ES","og_type":"article","og_title":"Pr\u00eamios Stemmer Rodrigues","og_description":"Constru\u00edmos uma trajet\u00f3ria reconhecida por pr\u00eamios que refletem a qualidade e a originalidade presentes em cada projeto. Veja mais.","og_url":"https:\/\/stemmerrodrigues.com.br\/es\/stemmer-rodrigues\/premios\/","og_site_name":"Stemmer Rodrigues","article_modified_time":"2026-01-27T14:30:48+00:00","og_image":[{"width":30,"height":33,"url":"http:\/\/stemmerrodrigues.com.br\/wp-content\/uploads\/2025\/08\/Untitled-1-1.png","type":"image\/png"}],"twitter_card":"summary_large_image","twitter_misc":{"Tiempo de lectura":"2 minutos"},"schema":{"@context":"https:\/\/schema.org","@graph":[{"@type":"WebPage","@id":"https:\/\/stemmerrodrigues.com.br\/stemmer-rodrigues\/premios\/","url":"https:\/\/stemmerrodrigues.com.br\/stemmer-rodrigues\/premios\/","name":"Pr\u00eamios Stemmer Rodrigues","isPartOf":{"@id":"https:\/\/stemmerrodrigues.com.br\/#website"},"primaryImageOfPage":{"@id":"https:\/\/stemmerrodrigues.com.br\/stemmer-rodrigues\/premios\/#primaryimage"},"image":{"@id":"https:\/\/stemmerrodrigues.com.br\/stemmer-rodrigues\/premios\/#primaryimage"},"thumbnailUrl":"https:\/\/stemmerrodrigues.com.br\/wp-content\/uploads\/2025\/08\/Untitled-1-1.png","datePublished":"2025-06-17T19:41:11+00:00","dateModified":"2026-01-27T14:30:48+00:00","description":"Constru\u00edmos uma trajet\u00f3ria reconhecida por pr\u00eamios que refletem a qualidade e a originalidade presentes em cada projeto. Veja mais.","breadcrumb":{"@id":"https:\/\/stemmerrodrigues.com.br\/stemmer-rodrigues\/premios\/#breadcrumb"},"inLanguage":"es","potentialAction":[{"@type":"ReadAction","target":["https:\/\/stemmerrodrigues.com.br\/stemmer-rodrigues\/premios\/"]}]},{"@type":"ImageObject","inLanguage":"es","@id":"https:\/\/stemmerrodrigues.com.br\/stemmer-rodrigues\/premios\/#primaryimage","url":"https:\/\/stemmerrodrigues.com.br\/wp-content\/uploads\/2025\/08\/Untitled-1-1.png","contentUrl":"https:\/\/stemmerrodrigues.com.br\/wp-content\/uploads\/2025\/08\/Untitled-1-1.png","width":30,"height":33,"caption":"Stemmer Rodrigues, refer\u00eancia em arquitetura e incorpora\u00e7\u00e3o imobili\u00e1ria."},{"@type":"BreadcrumbList","@id":"https:\/\/stemmerrodrigues.com.br\/stemmer-rodrigues\/premios\/#breadcrumb","itemListElement":[{"@type":"ListItem","position":1,"name":"In\u00edcio","item":"https:\/\/stemmerrodrigues.com.br\/"},{"@type":"ListItem","position":2,"name":"Stemmer Rodrigues","item":"https:\/\/stemmerrodrigues.com.br\/stemmer-rodrigues\/"},{"@type":"ListItem","position":3,"name":"Pr\u00eamios"}]},{"@type":"WebSite","@id":"https:\/\/stemmerrodrigues.com.br\/#website","url":"https:\/\/stemmerrodrigues.com.br\/","name":"Stemmer Rodrigues","description":"","publisher":{"@id":"https:\/\/stemmerrodrigues.com.br\/#organization"},"potentialAction":[{"@type":"SearchAction","target":{"@type":"EntryPoint","urlTemplate":"https:\/\/stemmerrodrigues.com.br\/?s={search_term_string}"},"query-input":{"@type":"PropertyValueSpecification","valueRequired":true,"valueName":"search_term_string"}}],"inLanguage":"es"},{"@type":"Organization","@id":"https:\/\/stemmerrodrigues.com.br\/#organization","name":"Stemmer Rodrigues","url":"https:\/\/stemmerrodrigues.com.br\/","logo":{"@type":"ImageObject","inLanguage":"es","@id":"https:\/\/stemmerrodrigues.com.br\/#\/schema\/logo\/image\/","url":"https:\/\/stemmerrodrigues.com.br\/wp-content\/uploads\/2025\/06\/STEMMER-RODRIGUES.png","contentUrl":"https:\/\/stemmerrodrigues.com.br\/wp-content\/uploads\/2025\/06\/STEMMER-RODRIGUES.png","width":483,"height":127,"caption":"Stemmer Rodrigues"},"image":{"@id":"https:\/\/stemmerrodrigues.com.br\/#\/schema\/logo\/image\/"}}]}},"_links":{"self":[{"href":"https:\/\/stemmerrodrigues.com.br\/es\/wp-json\/wp\/v2\/pages\/34","targetHints":{"allow":["GET"]}}],"collection":[{"href":"https:\/\/stemmerrodrigues.com.br\/es\/wp-json\/wp\/v2\/pages"}],"about":[{"href":"https:\/\/stemmerrodrigues.com.br\/es\/wp-json\/wp\/v2\/types\/page"}],"author":[{"embeddable":true,"href":"https:\/\/stemmerrodrigues.com.br\/es\/wp-json\/wp\/v2\/users\/1"}],"replies":[{"embeddable":true,"href":"https:\/\/stemmerrodrigues.com.br\/es\/wp-json\/wp\/v2\/comments?post=34"}],"version-history":[{"count":58,"href":"https:\/\/stemmerrodrigues.com.br\/es\/wp-json\/wp\/v2\/pages\/34\/revisions"}],"predecessor-version":[{"id":2362,"href":"https:\/\/stemmerrodrigues.com.br\/es\/wp-json\/wp\/v2\/pages\/34\/revisions\/2362"}],"up":[{"embeddable":true,"href":"https:\/\/stemmerrodrigues.com.br\/es\/wp-json\/wp\/v2\/pages\/27"}],"wp:featuredmedia":[{"embeddable":true,"href":"https:\/\/stemmerrodrigues.com.br\/es\/wp-json\/wp\/v2\/media\/787"}],"wp:attachment":[{"href":"https:\/\/stemmerrodrigues.com.br\/es\/wp-json\/wp\/v2\/media?parent=34"}],"curies":[{"name":"wp","href":"https:\/\/api.w.org\/{rel}","templated":true}]}}