{"id":39,"date":"2025-06-17T16:44:32","date_gmt":"2025-06-17T19:44:32","guid":{"rendered":"https:\/\/an1-homologacao.com.br\/stemmer_rodrigues\/?page_id=39"},"modified":"2026-01-27T16:55:59","modified_gmt":"2026-01-27T19:55:59","slug":"projetos","status":"publish","type":"page","link":"https:\/\/stemmerrodrigues.com.br\/es\/projetos\/","title":{"rendered":"Proyectos"},"content":{"rendered":"","protected":false},"excerpt":{"rendered":"","protected":false},"author":1,"featured_media":0,"parent":0,"menu_order":0,"comment_status":"closed","ping_status":"closed","template":"","meta":{"footnotes":""},"class_list":["post-39","page","type-page","status-publish","hentry"],"yoast_head":"<!-- This site is optimized with the Yoast SEO plugin v27.2 - https:\/\/yoast.com\/product\/yoast-seo-wordpress\/ -->\n<title>Projetos Stemmer Rodrigues<\/title>\n<meta name=\"description\" content=\"Desenvolvemos projetos que unem beleza, fun\u00e7\u00e3o e contexto. Arquitetura como express\u00e3o do tempo, do lugar e das pessoas.\" \/>\n<meta name=\"robots\" content=\"index, follow, max-snippet:-1, max-image-preview:large, max-video-preview:-1\" \/>\n<link rel=\"canonical\" href=\"https:\/\/stemmerrodrigues.com.br\/es\/projetos\/\" \/>\n<meta property=\"og:locale\" content=\"es_ES\" \/>\n<meta property=\"og:type\" content=\"article\" \/>\n<meta property=\"og:title\" content=\"Projetos Stemmer Rodrigues\" \/>\n<meta property=\"og:description\" content=\"Desenvolvemos projetos que unem beleza, fun\u00e7\u00e3o e contexto. Arquitetura como express\u00e3o do tempo, do lugar e das pessoas.\" \/>\n<meta property=\"og:url\" content=\"https:\/\/stemmerrodrigues.com.br\/es\/projetos\/\" \/>\n<meta property=\"og:site_name\" content=\"Stemmer Rodrigues\" \/>\n<meta property=\"article:modified_time\" content=\"2026-01-27T19:55:59+00:00\" \/>\n<meta name=\"twitter:card\" content=\"summary_large_image\" \/>\n<script type=\"application\/ld+json\" class=\"yoast-schema-graph\">{\"@context\":\"https:\/\/schema.org\",\"@graph\":[{\"@type\":\"WebPage\",\"@id\":\"https:\/\/stemmerrodrigues.com.br\/projetos\/\",\"url\":\"https:\/\/stemmerrodrigues.com.br\/projetos\/\",\"name\":\"Projetos Stemmer Rodrigues\",\"isPartOf\":{\"@id\":\"https:\/\/stemmerrodrigues.com.br\/#website\"},\"datePublished\":\"2025-06-17T19:44:32+00:00\",\"dateModified\":\"2026-01-27T19:55:59+00:00\",\"description\":\"Desenvolvemos projetos que unem beleza, fun\u00e7\u00e3o e contexto. Arquitetura como express\u00e3o do tempo, do lugar e das pessoas.\",\"breadcrumb\":{\"@id\":\"https:\/\/stemmerrodrigues.com.br\/projetos\/#breadcrumb\"},\"inLanguage\":\"es\",\"potentialAction\":[{\"@type\":\"ReadAction\",\"target\":[\"https:\/\/stemmerrodrigues.com.br\/projetos\/\"]}]},{\"@type\":\"BreadcrumbList\",\"@id\":\"https:\/\/stemmerrodrigues.com.br\/projetos\/#breadcrumb\",\"itemListElement\":[{\"@type\":\"ListItem\",\"position\":1,\"name\":\"In\u00edcio\",\"item\":\"https:\/\/stemmerrodrigues.com.br\/\"},{\"@type\":\"ListItem\",\"position\":2,\"name\":\"Projetos\"}]},{\"@type\":\"WebSite\",\"@id\":\"https:\/\/stemmerrodrigues.com.br\/#website\",\"url\":\"https:\/\/stemmerrodrigues.com.br\/\",\"name\":\"Stemmer Rodrigues\",\"description\":\"\",\"publisher\":{\"@id\":\"https:\/\/stemmerrodrigues.com.br\/#organization\"},\"potentialAction\":[{\"@type\":\"SearchAction\",\"target\":{\"@type\":\"EntryPoint\",\"urlTemplate\":\"https:\/\/stemmerrodrigues.com.br\/?s={search_term_string}\"},\"query-input\":{\"@type\":\"PropertyValueSpecification\",\"valueRequired\":true,\"valueName\":\"search_term_string\"}}],\"inLanguage\":\"es\"},{\"@type\":\"Organization\",\"@id\":\"https:\/\/stemmerrodrigues.com.br\/#organization\",\"name\":\"Stemmer Rodrigues\",\"url\":\"https:\/\/stemmerrodrigues.com.br\/\",\"logo\":{\"@type\":\"ImageObject\",\"inLanguage\":\"es\",\"@id\":\"https:\/\/stemmerrodrigues.com.br\/#\/schema\/logo\/image\/\",\"url\":\"https:\/\/stemmerrodrigues.com.br\/wp-content\/uploads\/2025\/06\/STEMMER-RODRIGUES.png\",\"contentUrl\":\"https:\/\/stemmerrodrigues.com.br\/wp-content\/uploads\/2025\/06\/STEMMER-RODRIGUES.png\",\"width\":483,\"height\":127,\"caption\":\"Stemmer Rodrigues\"},\"image\":{\"@id\":\"https:\/\/stemmerrodrigues.com.br\/#\/schema\/logo\/image\/\"}}]}<\/script>\n<!-- \/ Yoast SEO plugin. -->","yoast_head_json":{"title":"Projetos Stemmer Rodrigues","description":"Desenvolvemos projetos que unem beleza, fun\u00e7\u00e3o e contexto. Arquitetura como express\u00e3o do tempo, do lugar e das pessoas.","robots":{"index":"index","follow":"follow","max-snippet":"max-snippet:-1","max-image-preview":"max-image-preview:large","max-video-preview":"max-video-preview:-1"},"canonical":"https:\/\/stemmerrodrigues.com.br\/es\/projetos\/","og_locale":"es_ES","og_type":"article","og_title":"Projetos Stemmer Rodrigues","og_description":"Desenvolvemos projetos que unem beleza, fun\u00e7\u00e3o e contexto. Arquitetura como express\u00e3o do tempo, do lugar e das pessoas.","og_url":"https:\/\/stemmerrodrigues.com.br\/es\/projetos\/","og_site_name":"Stemmer Rodrigues","article_modified_time":"2026-01-27T19:55:59+00:00","twitter_card":"summary_large_image","schema":{"@context":"https:\/\/schema.org","@graph":[{"@type":"WebPage","@id":"https:\/\/stemmerrodrigues.com.br\/projetos\/","url":"https:\/\/stemmerrodrigues.com.br\/projetos\/","name":"Projetos Stemmer Rodrigues","isPartOf":{"@id":"https:\/\/stemmerrodrigues.com.br\/#website"},"datePublished":"2025-06-17T19:44:32+00:00","dateModified":"2026-01-27T19:55:59+00:00","description":"Desenvolvemos projetos que unem beleza, fun\u00e7\u00e3o e contexto. Arquitetura como express\u00e3o do tempo, do lugar e das pessoas.","breadcrumb":{"@id":"https:\/\/stemmerrodrigues.com.br\/projetos\/#breadcrumb"},"inLanguage":"es","potentialAction":[{"@type":"ReadAction","target":["https:\/\/stemmerrodrigues.com.br\/projetos\/"]}]},{"@type":"BreadcrumbList","@id":"https:\/\/stemmerrodrigues.com.br\/projetos\/#breadcrumb","itemListElement":[{"@type":"ListItem","position":1,"name":"In\u00edcio","item":"https:\/\/stemmerrodrigues.com.br\/"},{"@type":"ListItem","position":2,"name":"Projetos"}]},{"@type":"WebSite","@id":"https:\/\/stemmerrodrigues.com.br\/#website","url":"https:\/\/stemmerrodrigues.com.br\/","name":"Stemmer Rodrigues","description":"","publisher":{"@id":"https:\/\/stemmerrodrigues.com.br\/#organization"},"potentialAction":[{"@type":"SearchAction","target":{"@type":"EntryPoint","urlTemplate":"https:\/\/stemmerrodrigues.com.br\/?s={search_term_string}"},"query-input":{"@type":"PropertyValueSpecification","valueRequired":true,"valueName":"search_term_string"}}],"inLanguage":"es"},{"@type":"Organization","@id":"https:\/\/stemmerrodrigues.com.br\/#organization","name":"Stemmer Rodrigues","url":"https:\/\/stemmerrodrigues.com.br\/","logo":{"@type":"ImageObject","inLanguage":"es","@id":"https:\/\/stemmerrodrigues.com.br\/#\/schema\/logo\/image\/","url":"https:\/\/stemmerrodrigues.com.br\/wp-content\/uploads\/2025\/06\/STEMMER-RODRIGUES.png","contentUrl":"https:\/\/stemmerrodrigues.com.br\/wp-content\/uploads\/2025\/06\/STEMMER-RODRIGUES.png","width":483,"height":127,"caption":"Stemmer Rodrigues"},"image":{"@id":"https:\/\/stemmerrodrigues.com.br\/#\/schema\/logo\/image\/"}}]}},"_links":{"self":[{"href":"https:\/\/stemmerrodrigues.com.br\/es\/wp-json\/wp\/v2\/pages\/39","targetHints":{"allow":["GET"]}}],"collection":[{"href":"https:\/\/stemmerrodrigues.com.br\/es\/wp-json\/wp\/v2\/pages"}],"about":[{"href":"https:\/\/stemmerrodrigues.com.br\/es\/wp-json\/wp\/v2\/types\/page"}],"author":[{"embeddable":true,"href":"https:\/\/stemmerrodrigues.com.br\/es\/wp-json\/wp\/v2\/users\/1"}],"replies":[{"embeddable":true,"href":"https:\/\/stemmerrodrigues.com.br\/es\/wp-json\/wp\/v2\/comments?post=39"}],"version-history":[{"count":2,"href":"https:\/\/stemmerrodrigues.com.br\/es\/wp-json\/wp\/v2\/pages\/39\/revisions"}],"predecessor-version":[{"id":2898,"href":"https:\/\/stemmerrodrigues.com.br\/es\/wp-json\/wp\/v2\/pages\/39\/revisions\/2898"}],"wp:attachment":[{"href":"https:\/\/stemmerrodrigues.com.br\/es\/wp-json\/wp\/v2\/media?parent=39"}],"curies":[{"name":"wp","href":"https:\/\/api.w.org\/{rel}","templated":true}]}}