{"id":41,"date":"2025-06-17T16:46:03","date_gmt":"2025-06-17T19:46:03","guid":{"rendered":"https:\/\/an1-homologacao.com.br\/stemmer_rodrigues\/?page_id=41"},"modified":"2026-01-27T16:57:32","modified_gmt":"2026-01-27T19:57:32","slug":"arquitetura","status":"publish","type":"page","link":"https:\/\/stemmerrodrigues.com.br\/es\/projetos\/arquitetura\/","title":{"rendered":"Arquitectura"},"content":{"rendered":"\t\t<div data-elementor-type=\"wp-page\" data-elementor-id=\"41\" class=\"elementor elementor-41\" data-elementor-post-type=\"page\">\n\t\t\t\t<div class=\"elementor-element elementor-element-aa1881e e-grid e-con-full e-con e-parent\" data-id=\"aa1881e\" data-element_type=\"container\" data-e-type=\"container\" data-settings=\"{&quot;jet_parallax_layout_list&quot;:[]}\">\n\t\t<section class=\"elementor-element elementor-element-aa38252 e-con-full animated-slow e-flex elementor-invisible e-con e-child\" data-id=\"aa38252\" data-element_type=\"container\" data-e-type=\"container\" id=\"bg1\" data-settings=\"{&quot;jet_parallax_layout_list&quot;:[],&quot;animation&quot;:&quot;fadeIn&quot;,&quot;animation_delay&quot;:100,&quot;background_background&quot;:&quot;classic&quot;}\">\n\t\t\t\t<div class=\"elementor-element elementor-element-f7f3095 elementor-align-justify botao elementor-widget elementor-widget-button\" data-id=\"f7f3095\" data-element_type=\"widget\" data-e-type=\"widget\" data-widget_type=\"button.default\">\n\t\t\t\t<div class=\"elementor-widget-container\">\n\t\t\t\t\t\t\t\t\t<div class=\"elementor-button-wrapper\">\n\t\t\t\t\t<a class=\"elementor-button elementor-button-link elementor-size-sm\" href=\"https:\/\/stemmerrodrigues.com.br\/projetos-casas\/\">\n\t\t\t\t\t\t<span class=\"elementor-button-content-wrapper\">\n\t\t\t\t\t\t\t\t\t<span class=\"elementor-button-text\">Projetos de Casas<\/span>\n\t\t\t\t\t<\/span>\n\t\t\t\t\t<\/a>\n\t\t\t\t<\/div>\n\t\t\t\t\t\t\t\t<\/div>\n\t\t\t\t<\/div>\n\t\t\t\t<div class=\"elementor-element elementor-element-684bf28 elementor-widget elementor-widget-html\" data-id=\"684bf28\" data-element_type=\"widget\" data-e-type=\"widget\" data-widget_type=\"html.default\">\n\t\t\t\t<div class=\"elementor-widget-container\">\n\t\t\t\t\t<script>\ndocument.addEventListener(\"DOMContentLoaded\", function() {\n  \/\/ Lista de novas imagens\n  const backgrounds = [\n    \"url('https:\/\/stemmerrodrigues.com.br\/wp-content\/uploads\/2025\/08\/01-Casa-Falco-1.jpg')\",\n    \"url('https:\/\/stemmerrodrigues.com.br\/wp-content\/uploads\/2025\/08\/02-Casa-da-Figueira-scaled.jpg')\",\n    \"url('https:\/\/stemmerrodrigues.com.br\/wp-content\/uploads\/2025\/08\/03-Casa-Mare.jpg')\",\n    \"url('https:\/\/stemmerrodrigues.com.br\/wp-content\/uploads\/2025\/08\/06-Casa-Agua-scaled.jpg')\",\n    \"url('https:\/\/stemmerrodrigues.com.br\/wp-content\/uploads\/2025\/08\/04-Casa-Caraja.jpg')\",\n    \"url('https:\/\/stemmerrodrigues.com.br\/wp-content\/uploads\/2025\/08\/05-Casa-Areia.jpg')\",\n    \"url('https:\/\/stemmerrodrigues.com.br\/wp-content\/uploads\/2025\/08\/07-Casa-Angular-scaled.jpg')\",\n    \"url('https:\/\/stemmerrodrigues.com.br\/wp-content\/uploads\/2025\/08\/08-Casa-Frame-scaled.jpg')\",\n    \"url('https:\/\/stemmerrodrigues.com.br\/wp-content\/uploads\/2025\/08\/09-Casa-Nascente.jpg')\"\n  ];\n\n  \/\/ Escolhe uma imagem aleat\u00f3ria\n  const randomBg = backgrounds[Math.floor(Math.random() * backgrounds.length)];\n\n  \/\/ Pega o container com ID \"bg1\"\n  const container = document.getElementById(\"bg1\");\n  if (container) {\n    container.style.backgroundImage = randomBg;\n    container.style.backgroundSize = \"cover\";        \/\/ opcional\n    container.style.backgroundPosition = \"center\";   \/\/ opcional\n    container.style.backgroundRepeat = \"no-repeat\";  \/\/ opcional\n  }\n});\n<\/script>\n\t\t\t\t<\/div>\n\t\t\t\t<\/div>\n\t\t\t\t<\/section>\n\t\t<section class=\"elementor-element elementor-element-f3214a5 e-con-full animated-slow e-flex elementor-invisible e-con e-child\" data-id=\"f3214a5\" data-element_type=\"container\" data-e-type=\"container\" id=\"bg2\" data-settings=\"{&quot;jet_parallax_layout_list&quot;:[],&quot;animation&quot;:&quot;fadeIn&quot;,&quot;animation_delay&quot;:100,&quot;background_background&quot;:&quot;classic&quot;}\">\n\t\t\t\t<div class=\"elementor-element elementor-element-9a028ea elementor-align-justify botao elementor-widget elementor-widget-button\" data-id=\"9a028ea\" data-element_type=\"widget\" data-e-type=\"widget\" data-widget_type=\"button.default\">\n\t\t\t\t<div class=\"elementor-widget-container\">\n\t\t\t\t\t\t\t\t\t<div class=\"elementor-button-wrapper\">\n\t\t\t\t\t<a class=\"elementor-button elementor-button-link elementor-size-sm\" href=\"https:\/\/stemmerrodrigues.com.br\/projetos-de-interiores\/\">\n\t\t\t\t\t\t<span class=\"elementor-button-content-wrapper\">\n\t\t\t\t\t\t\t\t\t<span class=\"elementor-button-text\">Projetos de Interiores<\/span>\n\t\t\t\t\t<\/span>\n\t\t\t\t\t<\/a>\n\t\t\t\t<\/div>\n\t\t\t\t\t\t\t\t<\/div>\n\t\t\t\t<\/div>\n\t\t\t\t<div class=\"elementor-element elementor-element-ecbe2b1 elementor-widget elementor-widget-html\" data-id=\"ecbe2b1\" data-element_type=\"widget\" data-e-type=\"widget\" data-widget_type=\"html.default\">\n\t\t\t\t<div class=\"elementor-widget-container\">\n\t\t\t\t\t<script>\ndocument.addEventListener(\"DOMContentLoaded\", function() {\n  \/\/ Lista de novas imagens\n  const backgrounds = [\n    \"url('https:\/\/stemmerrodrigues.com.br\/wp-content\/uploads\/2025\/08\/ameliepornmlss12de54-scaled.jpg')\",\n    \"url('https:\/\/stemmerrodrigues.com.br\/wp-content\/uploads\/2025\/08\/GK_20221025_STEMMER-RODRIGUES_CASA-HM-MARE_0213-HDR-ME_MEDIA.jpg')\",\n    \"url('https:\/\/stemmerrodrigues.com.br\/wp-content\/uploads\/2025\/08\/DSCF7340-Panora\u0302micaHDR-scaled.jpg')\",\n    \"url('https:\/\/stemmerrodrigues.com.br\/wp-content\/uploads\/2025\/08\/GK_20230606_STEMMER-RODRIGUES_APTO-POEMA_0066-HDR-EE_MEDIA.jpg')\"\n  ];\n\n  \/\/ Escolhe uma imagem aleat\u00f3ria\n  const randomBg = backgrounds[Math.floor(Math.random() * backgrounds.length)];\n\n  \/\/ Pega o container com ID \"bg1\"\n  const container = document.getElementById(\"bg2\");\n  if (container) {\n    container.style.backgroundImage = randomBg;\n    container.style.backgroundSize = \"cover\";        \/\/ opcional\n    container.style.backgroundPosition = \"center\";   \/\/ opcional\n    container.style.backgroundRepeat = \"no-repeat\";  \/\/ opcional\n  }\n});\n<\/script>\n\t\t\t\t<\/div>\n\t\t\t\t<\/div>\n\t\t\t\t<\/section>\n\t\t<section class=\"elementor-element elementor-element-935e48e e-con-full animated-slow e-flex elementor-invisible e-con e-child\" data-id=\"935e48e\" data-element_type=\"container\" data-e-type=\"container\" id=\"bg3\" data-settings=\"{&quot;jet_parallax_layout_list&quot;:[],&quot;animation&quot;:&quot;fadeIn&quot;,&quot;animation_delay&quot;:100,&quot;background_background&quot;:&quot;classic&quot;}\">\n\t\t\t\t<div class=\"elementor-element elementor-element-b4870cc elementor-align-justify botao elementor-widget elementor-widget-button\" data-id=\"b4870cc\" data-element_type=\"widget\" data-e-type=\"widget\" data-widget_type=\"button.default\">\n\t\t\t\t<div class=\"elementor-widget-container\">\n\t\t\t\t\t\t\t\t\t<div class=\"elementor-button-wrapper\">\n\t\t\t\t\t<a class=\"elementor-button elementor-button-link elementor-size-sm\" href=\"https:\/\/stemmerrodrigues.com.br\/projetos-de-especiais\">\n\t\t\t\t\t\t<span class=\"elementor-button-content-wrapper\">\n\t\t\t\t\t\t\t\t\t<span class=\"elementor-button-text\">Projetos Especiais<\/span>\n\t\t\t\t\t<\/span>\n\t\t\t\t\t<\/a>\n\t\t\t\t<\/div>\n\t\t\t\t\t\t\t\t<\/div>\n\t\t\t\t<\/div>\n\t\t\t\t<div class=\"elementor-element elementor-element-5298d96 elementor-widget elementor-widget-html\" data-id=\"5298d96\" data-element_type=\"widget\" data-e-type=\"widget\" data-widget_type=\"html.default\">\n\t\t\t\t<div class=\"elementor-widget-container\">\n\t\t\t\t\t<script>\ndocument.addEventListener(\"DOMContentLoaded\", function() {\n  \/\/ Lista de novas imagens\n  const backgrounds = [\n    \"url('https:\/\/stemmerrodrigues.com.br\/wp-content\/uploads\/2025\/08\/02-Condominio-Tres-scaled.jpg')\",\n    \"url('https:\/\/stemmerrodrigues.com.br\/wp-content\/uploads\/2025\/08\/03-Edificio-Vista.jpg')\",\n    \"url('https:\/\/stemmerrodrigues.com.br\/wp-content\/uploads\/2025\/08\/04-Condominio-Mirador-scaled.jpg')\",\n    \"url('https:\/\/stemmerrodrigues.com.br\/wp-content\/uploads\/2025\/08\/01-Condominio-Lotus.jpg')\",\n    \"url('https:\/\/stemmerrodrigues.com.br\/wp-content\/uploads\/2025\/08\/05-Edificio-Voz.jpg')\",\n    \"url('https:\/\/stemmerrodrigues.com.br\/wp-content\/uploads\/2025\/08\/06-Hotel-Retiro.jpg')\"\n  ];\n\n  \/\/ Escolhe uma imagem aleat\u00f3ria\n  const randomBg = backgrounds[Math.floor(Math.random() * backgrounds.length)];\n\n  \/\/ Pega o container com ID \"bg1\"\n  const container = document.getElementById(\"bg3\");\n  if (container) {\n    container.style.backgroundImage = randomBg;\n    container.style.backgroundSize = \"cover\";        \/\/ opcional\n    container.style.backgroundPosition = \"center\";   \/\/ opcional\n    container.style.backgroundRepeat = \"no-repeat\";  \/\/ opcional\n  }\n});\n<\/script>\n\t\t\t\t<\/div>\n\t\t\t\t<\/div>\n\t\t\t\t<\/section>\n\t\t\t\t<\/div>\n\t\t\t\t<\/div>\n\t\t","protected":false},"excerpt":{"rendered":"<p>Projetos de Casas Projetos de Interiores Projetos Especiais<\/p>","protected":false},"author":1,"featured_media":0,"parent":39,"menu_order":0,"comment_status":"closed","ping_status":"closed","template":"","meta":{"footnotes":""},"class_list":["post-41","page","type-page","status-publish","hentry"],"yoast_head":"<!-- This site is optimized with the Yoast SEO plugin v27.3 - https:\/\/yoast.com\/product\/yoast-seo-wordpress\/ -->\n<title>Projetos de Arquitetura | Stemmer Rodrigues<\/title>\n<meta name=\"description\" content=\"Criamos projetos de arquitetura com identidade, t\u00e9cnica e prop\u00f3sito. Cada espa\u00e7o reflete nossa vis\u00e3o autoral e compromisso com excel\u00eancia.\" \/>\n<meta name=\"robots\" content=\"index, follow, max-snippet:-1, max-image-preview:large, max-video-preview:-1\" \/>\n<link rel=\"canonical\" href=\"https:\/\/stemmerrodrigues.com.br\/es\/projetos\/arquitetura\/\" \/>\n<meta property=\"og:locale\" content=\"es_ES\" \/>\n<meta property=\"og:type\" content=\"article\" \/>\n<meta property=\"og:title\" content=\"Projetos de Arquitetura | Stemmer Rodrigues\" \/>\n<meta property=\"og:description\" content=\"Criamos projetos de arquitetura com identidade, t\u00e9cnica e prop\u00f3sito. Cada espa\u00e7o reflete nossa vis\u00e3o autoral e compromisso com excel\u00eancia.\" \/>\n<meta property=\"og:url\" content=\"https:\/\/stemmerrodrigues.com.br\/es\/projetos\/arquitetura\/\" \/>\n<meta property=\"og:site_name\" content=\"Stemmer Rodrigues\" \/>\n<meta property=\"article:modified_time\" content=\"2026-01-27T19:57:32+00:00\" \/>\n<meta name=\"twitter:card\" content=\"summary_large_image\" \/>\n<meta name=\"twitter:label1\" content=\"Tiempo de lectura\" \/>\n\t<meta name=\"twitter:data1\" content=\"1 minuto\" \/>\n<script type=\"application\/ld+json\" class=\"yoast-schema-graph\">{\"@context\":\"https:\\\/\\\/schema.org\",\"@graph\":[{\"@type\":\"WebPage\",\"@id\":\"https:\\\/\\\/stemmerrodrigues.com.br\\\/projetos\\\/arquitetura\\\/\",\"url\":\"https:\\\/\\\/stemmerrodrigues.com.br\\\/projetos\\\/arquitetura\\\/\",\"name\":\"Projetos de Arquitetura | Stemmer Rodrigues\",\"isPartOf\":{\"@id\":\"https:\\\/\\\/stemmerrodrigues.com.br\\\/#website\"},\"datePublished\":\"2025-06-17T19:46:03+00:00\",\"dateModified\":\"2026-01-27T19:57:32+00:00\",\"description\":\"Criamos projetos de arquitetura com identidade, t\u00e9cnica e prop\u00f3sito. Cada espa\u00e7o reflete nossa vis\u00e3o autoral e compromisso com excel\u00eancia.\",\"breadcrumb\":{\"@id\":\"https:\\\/\\\/stemmerrodrigues.com.br\\\/projetos\\\/arquitetura\\\/#breadcrumb\"},\"inLanguage\":\"es\",\"potentialAction\":[{\"@type\":\"ReadAction\",\"target\":[\"https:\\\/\\\/stemmerrodrigues.com.br\\\/projetos\\\/arquitetura\\\/\"]}]},{\"@type\":\"BreadcrumbList\",\"@id\":\"https:\\\/\\\/stemmerrodrigues.com.br\\\/projetos\\\/arquitetura\\\/#breadcrumb\",\"itemListElement\":[{\"@type\":\"ListItem\",\"position\":1,\"name\":\"In\u00edcio\",\"item\":\"https:\\\/\\\/stemmerrodrigues.com.br\\\/\"},{\"@type\":\"ListItem\",\"position\":2,\"name\":\"Projetos\",\"item\":\"https:\\\/\\\/stemmerrodrigues.com.br\\\/projetos\\\/\"},{\"@type\":\"ListItem\",\"position\":3,\"name\":\"Arquitetura\"}]},{\"@type\":\"WebSite\",\"@id\":\"https:\\\/\\\/stemmerrodrigues.com.br\\\/#website\",\"url\":\"https:\\\/\\\/stemmerrodrigues.com.br\\\/\",\"name\":\"Stemmer Rodrigues\",\"description\":\"\",\"publisher\":{\"@id\":\"https:\\\/\\\/stemmerrodrigues.com.br\\\/#organization\"},\"potentialAction\":[{\"@type\":\"SearchAction\",\"target\":{\"@type\":\"EntryPoint\",\"urlTemplate\":\"https:\\\/\\\/stemmerrodrigues.com.br\\\/?s={search_term_string}\"},\"query-input\":{\"@type\":\"PropertyValueSpecification\",\"valueRequired\":true,\"valueName\":\"search_term_string\"}}],\"inLanguage\":\"es\"},{\"@type\":\"Organization\",\"@id\":\"https:\\\/\\\/stemmerrodrigues.com.br\\\/#organization\",\"name\":\"Stemmer Rodrigues\",\"url\":\"https:\\\/\\\/stemmerrodrigues.com.br\\\/\",\"logo\":{\"@type\":\"ImageObject\",\"inLanguage\":\"es\",\"@id\":\"https:\\\/\\\/stemmerrodrigues.com.br\\\/#\\\/schema\\\/logo\\\/image\\\/\",\"url\":\"https:\\\/\\\/stemmerrodrigues.com.br\\\/wp-content\\\/uploads\\\/2025\\\/06\\\/STEMMER-RODRIGUES.png\",\"contentUrl\":\"https:\\\/\\\/stemmerrodrigues.com.br\\\/wp-content\\\/uploads\\\/2025\\\/06\\\/STEMMER-RODRIGUES.png\",\"width\":483,\"height\":127,\"caption\":\"Stemmer Rodrigues\"},\"image\":{\"@id\":\"https:\\\/\\\/stemmerrodrigues.com.br\\\/#\\\/schema\\\/logo\\\/image\\\/\"}}]}<\/script>\n<!-- \/ Yoast SEO plugin. -->","yoast_head_json":{"title":"Projetos de Arquitetura | Stemmer Rodrigues","description":"Criamos projetos de arquitetura com identidade, t\u00e9cnica e prop\u00f3sito. Cada espa\u00e7o reflete nossa vis\u00e3o autoral e compromisso com excel\u00eancia.","robots":{"index":"index","follow":"follow","max-snippet":"max-snippet:-1","max-image-preview":"max-image-preview:large","max-video-preview":"max-video-preview:-1"},"canonical":"https:\/\/stemmerrodrigues.com.br\/es\/projetos\/arquitetura\/","og_locale":"es_ES","og_type":"article","og_title":"Projetos de Arquitetura | Stemmer Rodrigues","og_description":"Criamos projetos de arquitetura com identidade, t\u00e9cnica e prop\u00f3sito. Cada espa\u00e7o reflete nossa vis\u00e3o autoral e compromisso com excel\u00eancia.","og_url":"https:\/\/stemmerrodrigues.com.br\/es\/projetos\/arquitetura\/","og_site_name":"Stemmer Rodrigues","article_modified_time":"2026-01-27T19:57:32+00:00","twitter_card":"summary_large_image","twitter_misc":{"Tiempo de lectura":"1 minuto"},"schema":{"@context":"https:\/\/schema.org","@graph":[{"@type":"WebPage","@id":"https:\/\/stemmerrodrigues.com.br\/projetos\/arquitetura\/","url":"https:\/\/stemmerrodrigues.com.br\/projetos\/arquitetura\/","name":"Projetos de Arquitetura | Stemmer Rodrigues","isPartOf":{"@id":"https:\/\/stemmerrodrigues.com.br\/#website"},"datePublished":"2025-06-17T19:46:03+00:00","dateModified":"2026-01-27T19:57:32+00:00","description":"Criamos projetos de arquitetura com identidade, t\u00e9cnica e prop\u00f3sito. Cada espa\u00e7o reflete nossa vis\u00e3o autoral e compromisso com excel\u00eancia.","breadcrumb":{"@id":"https:\/\/stemmerrodrigues.com.br\/projetos\/arquitetura\/#breadcrumb"},"inLanguage":"es","potentialAction":[{"@type":"ReadAction","target":["https:\/\/stemmerrodrigues.com.br\/projetos\/arquitetura\/"]}]},{"@type":"BreadcrumbList","@id":"https:\/\/stemmerrodrigues.com.br\/projetos\/arquitetura\/#breadcrumb","itemListElement":[{"@type":"ListItem","position":1,"name":"In\u00edcio","item":"https:\/\/stemmerrodrigues.com.br\/"},{"@type":"ListItem","position":2,"name":"Projetos","item":"https:\/\/stemmerrodrigues.com.br\/projetos\/"},{"@type":"ListItem","position":3,"name":"Arquitetura"}]},{"@type":"WebSite","@id":"https:\/\/stemmerrodrigues.com.br\/#website","url":"https:\/\/stemmerrodrigues.com.br\/","name":"Stemmer Rodrigues","description":"","publisher":{"@id":"https:\/\/stemmerrodrigues.com.br\/#organization"},"potentialAction":[{"@type":"SearchAction","target":{"@type":"EntryPoint","urlTemplate":"https:\/\/stemmerrodrigues.com.br\/?s={search_term_string}"},"query-input":{"@type":"PropertyValueSpecification","valueRequired":true,"valueName":"search_term_string"}}],"inLanguage":"es"},{"@type":"Organization","@id":"https:\/\/stemmerrodrigues.com.br\/#organization","name":"Stemmer Rodrigues","url":"https:\/\/stemmerrodrigues.com.br\/","logo":{"@type":"ImageObject","inLanguage":"es","@id":"https:\/\/stemmerrodrigues.com.br\/#\/schema\/logo\/image\/","url":"https:\/\/stemmerrodrigues.com.br\/wp-content\/uploads\/2025\/06\/STEMMER-RODRIGUES.png","contentUrl":"https:\/\/stemmerrodrigues.com.br\/wp-content\/uploads\/2025\/06\/STEMMER-RODRIGUES.png","width":483,"height":127,"caption":"Stemmer Rodrigues"},"image":{"@id":"https:\/\/stemmerrodrigues.com.br\/#\/schema\/logo\/image\/"}}]}},"_links":{"self":[{"href":"https:\/\/stemmerrodrigues.com.br\/es\/wp-json\/wp\/v2\/pages\/41","targetHints":{"allow":["GET"]}}],"collection":[{"href":"https:\/\/stemmerrodrigues.com.br\/es\/wp-json\/wp\/v2\/pages"}],"about":[{"href":"https:\/\/stemmerrodrigues.com.br\/es\/wp-json\/wp\/v2\/types\/page"}],"author":[{"embeddable":true,"href":"https:\/\/stemmerrodrigues.com.br\/es\/wp-json\/wp\/v2\/users\/1"}],"replies":[{"embeddable":true,"href":"https:\/\/stemmerrodrigues.com.br\/es\/wp-json\/wp\/v2\/comments?post=41"}],"version-history":[{"count":215,"href":"https:\/\/stemmerrodrigues.com.br\/es\/wp-json\/wp\/v2\/pages\/41\/revisions"}],"predecessor-version":[{"id":2900,"href":"https:\/\/stemmerrodrigues.com.br\/es\/wp-json\/wp\/v2\/pages\/41\/revisions\/2900"}],"up":[{"embeddable":true,"href":"https:\/\/stemmerrodrigues.com.br\/es\/wp-json\/wp\/v2\/pages\/39"}],"wp:attachment":[{"href":"https:\/\/stemmerrodrigues.com.br\/es\/wp-json\/wp\/v2\/media?parent=41"}],"curies":[{"name":"wp","href":"https:\/\/api.w.org\/{rel}","templated":true}]}}